{"id":5754,"date":"2021-12-22T22:15:59","date_gmt":"2021-12-22T21:15:59","guid":{"rendered":"https:\/\/hitechsol.it\/exercicios\/"},"modified":"2021-12-23T22:06:46","modified_gmt":"2021-12-23T21:06:46","slug":"exercicios","status":"publish","type":"page","link":"https:\/\/hitechsol.it\/pt-pt\/monitorizacao-e-controlo\/exercicios\/","title":{"rendered":"Exerc\u00edcios"},"content":{"rendered":"","protected":false},"excerpt":{"rendered":"","protected":false},"author":1,"featured_media":0,"parent":5715,"menu_order":0,"comment_status":"closed","ping_status":"closed","template":"","meta":{"footnotes":""},"class_list":["post-5754","page","type-page","status-publish","hentry"],"yoast_head":"<!-- This site is optimized with the Yoast SEO plugin v18.3 - https:\/\/yoast.com\/wordpress\/plugins\/seo\/ -->\n<title>Exerc\u00edcios - Hi-Tech Solutions<\/title>\n<meta name=\"description\" content=\"Os sistemas de controlo das m\u00e1quinas de perfura\u00e7\u00e3o permitem calcular a profundidade da escava\u00e7\u00e3o, monitorizar a inclina\u00e7\u00e3o e verticalizar os carros...\" \/>\n<meta name=\"robots\" content=\"index, follow, max-snippet:-1, max-image-preview:large, max-video-preview:-1\" \/>\n<link rel=\"canonical\" href=\"https:\/\/hitechsol.it\/pt-pt\/monitorizacao-e-controlo\/exercicios\/\" \/>\n<meta property=\"og:locale\" content=\"pt_PT\" \/>\n<meta property=\"og:type\" content=\"article\" \/>\n<meta property=\"og:title\" content=\"Exerc\u00edcios - Hi-Tech Solutions\" \/>\n<meta property=\"og:description\" content=\"Os sistemas de controlo das m\u00e1quinas de perfura\u00e7\u00e3o permitem calcular a profundidade da escava\u00e7\u00e3o, monitorizar a inclina\u00e7\u00e3o e verticalizar os carros...\" \/>\n<meta property=\"og:url\" content=\"https:\/\/hitechsol.it\/pt-pt\/monitorizacao-e-controlo\/exercicios\/\" \/>\n<meta property=\"og:site_name\" content=\"Hi-Tech Solutions\" \/>\n<meta property=\"article:modified_time\" content=\"2021-12-23T21:06:46+00:00\" \/>\n<meta name=\"twitter:card\" content=\"summary_large_image\" \/>\n<script type=\"application\/ld+json\" class=\"yoast-schema-graph\">{\"@context\":\"https:\/\/schema.org\",\"@graph\":[{\"@type\":\"WebSite\",\"@id\":\"https:\/\/hitechsol.it\/#website\",\"url\":\"https:\/\/hitechsol.it\/\",\"name\":\"Hi-Tech Solutions\",\"description\":\"Progettazione e produzione di sistemi elettronici per mezzi di meccanica pesante\",\"potentialAction\":[{\"@type\":\"SearchAction\",\"target\":{\"@type\":\"EntryPoint\",\"urlTemplate\":\"https:\/\/hitechsol.it\/?s={search_term_string}\"},\"query-input\":\"required name=search_term_string\"}],\"inLanguage\":\"pt-PT\"},{\"@type\":\"WebPage\",\"@id\":\"https:\/\/hitechsol.it\/pt-pt\/monitorizacao-e-controlo\/exercicios\/#webpage\",\"url\":\"https:\/\/hitechsol.it\/pt-pt\/monitorizacao-e-controlo\/exercicios\/\",\"name\":\"Exerc\u00edcios - Hi-Tech Solutions\",\"isPartOf\":{\"@id\":\"https:\/\/hitechsol.it\/#website\"},\"datePublished\":\"2021-12-22T21:15:59+00:00\",\"dateModified\":\"2021-12-23T21:06:46+00:00\",\"description\":\"Os sistemas de controlo das m\u00e1quinas de perfura\u00e7\u00e3o permitem calcular a profundidade da escava\u00e7\u00e3o, monitorizar a inclina\u00e7\u00e3o e verticalizar os carros...\",\"breadcrumb\":{\"@id\":\"https:\/\/hitechsol.it\/pt-pt\/monitorizacao-e-controlo\/exercicios\/#breadcrumb\"},\"inLanguage\":\"pt-PT\",\"potentialAction\":[{\"@type\":\"ReadAction\",\"target\":[\"https:\/\/hitechsol.it\/pt-pt\/monitorizacao-e-controlo\/exercicios\/\"]}]},{\"@type\":\"BreadcrumbList\",\"@id\":\"https:\/\/hitechsol.it\/pt-pt\/monitorizacao-e-controlo\/exercicios\/#breadcrumb\",\"itemListElement\":[{\"@type\":\"ListItem\",\"position\":1,\"name\":\"Home\",\"item\":\"https:\/\/hitechsol.it\/pt-pt\/\"},{\"@type\":\"ListItem\",\"position\":2,\"name\":\"Monitoriza\u00e7\u00e3o e Controlo\",\"item\":\"https:\/\/hitechsol.it\/pt-pt\/?page_id=5715\"},{\"@type\":\"ListItem\",\"position\":3,\"name\":\"Exerc\u00edcios\"}]}]}<\/script>\n<!-- \/ Yoast SEO plugin. -->","yoast_head_json":{"title":"Exerc\u00edcios - Hi-Tech Solutions","description":"Os sistemas de controlo das m\u00e1quinas de perfura\u00e7\u00e3o permitem calcular a profundidade da escava\u00e7\u00e3o, monitorizar a inclina\u00e7\u00e3o e verticalizar os carros...","robots":{"index":"index","follow":"follow","max-snippet":"max-snippet:-1","max-image-preview":"max-image-preview:large","max-video-preview":"max-video-preview:-1"},"canonical":"https:\/\/hitechsol.it\/pt-pt\/monitorizacao-e-controlo\/exercicios\/","og_locale":"pt_PT","og_type":"article","og_title":"Exerc\u00edcios - Hi-Tech Solutions","og_description":"Os sistemas de controlo das m\u00e1quinas de perfura\u00e7\u00e3o permitem calcular a profundidade da escava\u00e7\u00e3o, monitorizar a inclina\u00e7\u00e3o e verticalizar os carros...","og_url":"https:\/\/hitechsol.it\/pt-pt\/monitorizacao-e-controlo\/exercicios\/","og_site_name":"Hi-Tech Solutions","article_modified_time":"2021-12-23T21:06:46+00:00","twitter_card":"summary_large_image","schema":{"@context":"https:\/\/schema.org","@graph":[{"@type":"WebSite","@id":"https:\/\/hitechsol.it\/#website","url":"https:\/\/hitechsol.it\/","name":"Hi-Tech Solutions","description":"Progettazione e produzione di sistemi elettronici per mezzi di meccanica pesante","potentialAction":[{"@type":"SearchAction","target":{"@type":"EntryPoint","urlTemplate":"https:\/\/hitechsol.it\/?s={search_term_string}"},"query-input":"required name=search_term_string"}],"inLanguage":"pt-PT"},{"@type":"WebPage","@id":"https:\/\/hitechsol.it\/pt-pt\/monitorizacao-e-controlo\/exercicios\/#webpage","url":"https:\/\/hitechsol.it\/pt-pt\/monitorizacao-e-controlo\/exercicios\/","name":"Exerc\u00edcios - Hi-Tech Solutions","isPartOf":{"@id":"https:\/\/hitechsol.it\/#website"},"datePublished":"2021-12-22T21:15:59+00:00","dateModified":"2021-12-23T21:06:46+00:00","description":"Os sistemas de controlo das m\u00e1quinas de perfura\u00e7\u00e3o permitem calcular a profundidade da escava\u00e7\u00e3o, monitorizar a inclina\u00e7\u00e3o e verticalizar os carros...","breadcrumb":{"@id":"https:\/\/hitechsol.it\/pt-pt\/monitorizacao-e-controlo\/exercicios\/#breadcrumb"},"inLanguage":"pt-PT","potentialAction":[{"@type":"ReadAction","target":["https:\/\/hitechsol.it\/pt-pt\/monitorizacao-e-controlo\/exercicios\/"]}]},{"@type":"BreadcrumbList","@id":"https:\/\/hitechsol.it\/pt-pt\/monitorizacao-e-controlo\/exercicios\/#breadcrumb","itemListElement":[{"@type":"ListItem","position":1,"name":"Home","item":"https:\/\/hitechsol.it\/pt-pt\/"},{"@type":"ListItem","position":2,"name":"Monitoriza\u00e7\u00e3o e Controlo","item":"https:\/\/hitechsol.it\/pt-pt\/?page_id=5715"},{"@type":"ListItem","position":3,"name":"Exerc\u00edcios"}]}]}},"_links":{"self":[{"href":"https:\/\/hitechsol.it\/pt-pt\/wp-json\/wp\/v2\/pages\/5754","targetHints":{"allow":["GET"]}}],"collection":[{"href":"https:\/\/hitechsol.it\/pt-pt\/wp-json\/wp\/v2\/pages"}],"about":[{"href":"https:\/\/hitechsol.it\/pt-pt\/wp-json\/wp\/v2\/types\/page"}],"author":[{"embeddable":true,"href":"https:\/\/hitechsol.it\/pt-pt\/wp-json\/wp\/v2\/users\/1"}],"replies":[{"embeddable":true,"href":"https:\/\/hitechsol.it\/pt-pt\/wp-json\/wp\/v2\/comments?post=5754"}],"version-history":[{"count":1,"href":"https:\/\/hitechsol.it\/pt-pt\/wp-json\/wp\/v2\/pages\/5754\/revisions"}],"predecessor-version":[{"id":5934,"href":"https:\/\/hitechsol.it\/pt-pt\/wp-json\/wp\/v2\/pages\/5754\/revisions\/5934"}],"up":[{"embeddable":true,"href":"https:\/\/hitechsol.it\/pt-pt\/wp-json\/wp\/v2\/pages\/5715"}],"wp:attachment":[{"href":"https:\/\/hitechsol.it\/pt-pt\/wp-json\/wp\/v2\/media?parent=5754"}],"curies":[{"name":"wp","href":"https:\/\/api.w.org\/{rel}","templated":true}]}}