{"id":5277,"date":"2021-12-22T15:47:19","date_gmt":"2021-12-22T14:47:19","guid":{"rendered":"https:\/\/hitechsol.it\/casa\/"},"modified":"2021-12-23T21:37:48","modified_gmt":"2021-12-23T20:37:48","slug":"casa","status":"publish","type":"page","link":"https:\/\/hitechsol.it\/pt-pt\/","title":{"rendered":"Casa"},"content":{"rendered":"","protected":false},"excerpt":{"rendered":"","protected":false},"author":1,"featured_media":7616,"parent":0,"menu_order":0,"comment_status":"closed","ping_status":"closed","template":"","meta":{"footnotes":""},"class_list":["post-5277","page","type-page","status-publish","has-post-thumbnail","hentry"],"yoast_head":"<!-- This site is optimized with the Yoast SEO plugin v18.3 - https:\/\/yoast.com\/wordpress\/plugins\/seo\/ -->\n<title>Casa - Hi-Tech Solutions<\/title>\n<meta name=\"description\" content=\"A equipa de desenvolvimento hi-tech, gra\u00e7as a uma metodologia de trabalho \u00fanica, colabora com os clientes para fornecer ajuda estrat\u00e9gica para otimizar...\" \/>\n<meta name=\"robots\" content=\"index, follow, max-snippet:-1, max-image-preview:large, max-video-preview:-1\" \/>\n<link rel=\"canonical\" href=\"https:\/\/hitechsol.it\/pt-pt\/\" \/>\n<meta property=\"og:locale\" content=\"pt_PT\" \/>\n<meta property=\"og:type\" content=\"article\" \/>\n<meta property=\"og:title\" content=\"Casa - Hi-Tech Solutions\" \/>\n<meta property=\"og:description\" content=\"A equipa de desenvolvimento hi-tech, gra\u00e7as a uma metodologia de trabalho \u00fanica, colabora com os clientes para fornecer ajuda estrat\u00e9gica para otimizar...\" \/>\n<meta property=\"og:url\" content=\"https:\/\/hitechsol.it\/pt-pt\/\" \/>\n<meta property=\"og:site_name\" content=\"Hi-Tech Solutions\" \/>\n<meta property=\"article:modified_time\" content=\"2021-12-23T20:37:48+00:00\" \/>\n<meta property=\"og:image\" content=\"https:\/\/hitechsol.it\/wp-content\/uploads\/2021\/06\/Logo_png.png\" \/>\n\t<meta property=\"og:image:width\" content=\"1000\" \/>\n\t<meta property=\"og:image:height\" content=\"593\" \/>\n\t<meta property=\"og:image:type\" content=\"image\/png\" \/>\n<meta name=\"twitter:card\" content=\"summary_large_image\" \/>\n<script type=\"application\/ld+json\" class=\"yoast-schema-graph\">{\"@context\":\"https:\/\/schema.org\",\"@graph\":[{\"@type\":\"WebSite\",\"@id\":\"https:\/\/hitechsol.it\/#website\",\"url\":\"https:\/\/hitechsol.it\/\",\"name\":\"Hi-Tech Solutions\",\"description\":\"Progettazione e produzione di sistemi elettronici per mezzi di meccanica pesante\",\"potentialAction\":[{\"@type\":\"SearchAction\",\"target\":{\"@type\":\"EntryPoint\",\"urlTemplate\":\"https:\/\/hitechsol.it\/?s={search_term_string}\"},\"query-input\":\"required name=search_term_string\"}],\"inLanguage\":\"pt-PT\"},{\"@type\":\"ImageObject\",\"@id\":\"https:\/\/hitechsol.it\/pt-pt\/#primaryimage\",\"inLanguage\":\"pt-PT\",\"url\":\"https:\/\/hitechsol.it\/wp-content\/uploads\/2023\/07\/cropped-Logo-2023.png\",\"contentUrl\":\"https:\/\/hitechsol.it\/wp-content\/uploads\/2023\/07\/cropped-Logo-2023.png\",\"width\":1591,\"height\":773},{\"@type\":\"WebPage\",\"@id\":\"https:\/\/hitechsol.it\/pt-pt\/#webpage\",\"url\":\"https:\/\/hitechsol.it\/pt-pt\/\",\"name\":\"Casa - Hi-Tech Solutions\",\"isPartOf\":{\"@id\":\"https:\/\/hitechsol.it\/#website\"},\"primaryImageOfPage\":{\"@id\":\"https:\/\/hitechsol.it\/pt-pt\/#primaryimage\"},\"datePublished\":\"2021-12-22T14:47:19+00:00\",\"dateModified\":\"2021-12-23T20:37:48+00:00\",\"description\":\"A equipa de desenvolvimento hi-tech, gra\u00e7as a uma metodologia de trabalho \u00fanica, colabora com os clientes para fornecer ajuda estrat\u00e9gica para otimizar...\",\"breadcrumb\":{\"@id\":\"https:\/\/hitechsol.it\/pt-pt\/#breadcrumb\"},\"inLanguage\":\"pt-PT\",\"potentialAction\":[{\"@type\":\"ReadAction\",\"target\":[\"https:\/\/hitechsol.it\/pt-pt\/\"]}]},{\"@type\":\"BreadcrumbList\",\"@id\":\"https:\/\/hitechsol.it\/pt-pt\/#breadcrumb\",\"itemListElement\":[{\"@type\":\"ListItem\",\"position\":1,\"name\":\"Home\",\"item\":\"https:\/\/hitechsol.it\/pt-pt\/\"},{\"@type\":\"ListItem\",\"position\":2,\"name\":\"Casa\"}]}]}<\/script>\n<!-- \/ Yoast SEO plugin. -->","yoast_head_json":{"title":"Casa - Hi-Tech Solutions","description":"A equipa de desenvolvimento hi-tech, gra\u00e7as a uma metodologia de trabalho \u00fanica, colabora com os clientes para fornecer ajuda estrat\u00e9gica para otimizar...","robots":{"index":"index","follow":"follow","max-snippet":"max-snippet:-1","max-image-preview":"max-image-preview:large","max-video-preview":"max-video-preview:-1"},"canonical":"https:\/\/hitechsol.it\/pt-pt\/","og_locale":"pt_PT","og_type":"article","og_title":"Casa - Hi-Tech Solutions","og_description":"A equipa de desenvolvimento hi-tech, gra\u00e7as a uma metodologia de trabalho \u00fanica, colabora com os clientes para fornecer ajuda estrat\u00e9gica para otimizar...","og_url":"https:\/\/hitechsol.it\/pt-pt\/","og_site_name":"Hi-Tech Solutions","article_modified_time":"2021-12-23T20:37:48+00:00","og_image":[{"width":1000,"height":593,"url":"https:\/\/hitechsol.it\/wp-content\/uploads\/2021\/06\/Logo_png.png","type":"image\/png"}],"twitter_card":"summary_large_image","schema":{"@context":"https:\/\/schema.org","@graph":[{"@type":"WebSite","@id":"https:\/\/hitechsol.it\/#website","url":"https:\/\/hitechsol.it\/","name":"Hi-Tech Solutions","description":"Progettazione e produzione di sistemi elettronici per mezzi di meccanica pesante","potentialAction":[{"@type":"SearchAction","target":{"@type":"EntryPoint","urlTemplate":"https:\/\/hitechsol.it\/?s={search_term_string}"},"query-input":"required name=search_term_string"}],"inLanguage":"pt-PT"},{"@type":"ImageObject","@id":"https:\/\/hitechsol.it\/pt-pt\/#primaryimage","inLanguage":"pt-PT","url":"https:\/\/hitechsol.it\/wp-content\/uploads\/2023\/07\/cropped-Logo-2023.png","contentUrl":"https:\/\/hitechsol.it\/wp-content\/uploads\/2023\/07\/cropped-Logo-2023.png","width":1591,"height":773},{"@type":"WebPage","@id":"https:\/\/hitechsol.it\/pt-pt\/#webpage","url":"https:\/\/hitechsol.it\/pt-pt\/","name":"Casa - Hi-Tech Solutions","isPartOf":{"@id":"https:\/\/hitechsol.it\/#website"},"primaryImageOfPage":{"@id":"https:\/\/hitechsol.it\/pt-pt\/#primaryimage"},"datePublished":"2021-12-22T14:47:19+00:00","dateModified":"2021-12-23T20:37:48+00:00","description":"A equipa de desenvolvimento hi-tech, gra\u00e7as a uma metodologia de trabalho \u00fanica, colabora com os clientes para fornecer ajuda estrat\u00e9gica para otimizar...","breadcrumb":{"@id":"https:\/\/hitechsol.it\/pt-pt\/#breadcrumb"},"inLanguage":"pt-PT","potentialAction":[{"@type":"ReadAction","target":["https:\/\/hitechsol.it\/pt-pt\/"]}]},{"@type":"BreadcrumbList","@id":"https:\/\/hitechsol.it\/pt-pt\/#breadcrumb","itemListElement":[{"@type":"ListItem","position":1,"name":"Home","item":"https:\/\/hitechsol.it\/pt-pt\/"},{"@type":"ListItem","position":2,"name":"Casa"}]}]}},"_links":{"self":[{"href":"https:\/\/hitechsol.it\/pt-pt\/wp-json\/wp\/v2\/pages\/5277","targetHints":{"allow":["GET"]}}],"collection":[{"href":"https:\/\/hitechsol.it\/pt-pt\/wp-json\/wp\/v2\/pages"}],"about":[{"href":"https:\/\/hitechsol.it\/pt-pt\/wp-json\/wp\/v2\/types\/page"}],"author":[{"embeddable":true,"href":"https:\/\/hitechsol.it\/pt-pt\/wp-json\/wp\/v2\/users\/1"}],"replies":[{"embeddable":true,"href":"https:\/\/hitechsol.it\/pt-pt\/wp-json\/wp\/v2\/comments?post=5277"}],"version-history":[{"count":1,"href":"https:\/\/hitechsol.it\/pt-pt\/wp-json\/wp\/v2\/pages\/5277\/revisions"}],"predecessor-version":[{"id":5289,"href":"https:\/\/hitechsol.it\/pt-pt\/wp-json\/wp\/v2\/pages\/5277\/revisions\/5289"}],"wp:featuredmedia":[{"embeddable":true,"href":"https:\/\/hitechsol.it\/pt-pt\/wp-json\/wp\/v2\/media\/7616"}],"wp:attachment":[{"href":"https:\/\/hitechsol.it\/pt-pt\/wp-json\/wp\/v2\/media?parent=5277"}],"curies":[{"name":"wp","href":"https:\/\/api.w.org\/{rel}","templated":true}]}}