{"id":5251,"date":"2021-12-22T15:47:10","date_gmt":"2021-12-22T14:47:10","guid":{"rendered":"https:\/\/hitechsol.it\/produtos\/"},"modified":"2021-12-23T21:50:46","modified_gmt":"2021-12-23T20:50:46","slug":"produtos","status":"publish","type":"page","link":"https:\/\/hitechsol.it\/pt-pt\/produtos\/","title":{"rendered":"Produtos"},"content":{"rendered":"\t\t<div data-elementor-type=\"wp-page\" data-elementor-id=\"5251\" class=\"elementor elementor-5251 elementor-444\" data-elementor-settings=\"[]\">\n\t\t\t\t\t\t\t<div class=\"elementor-section-wrap\">\n\t\t\t\t\t\t\t<section class=\"elementor-section elementor-top-section elementor-element elementor-element-265d29a elementor-section-boxed elementor-section-height-default elementor-section-height-default\" data-id=\"265d29a\" data-element_type=\"section\">\n\t\t\t\t\t\t<div class=\"elementor-container elementor-column-gap-default\">\n\t\t\t\t\t<div class=\"elementor-column elementor-col-100 elementor-top-column elementor-element elementor-element-6ec4251\" data-id=\"6ec4251\" data-element_type=\"column\">\n\t\t\t<div class=\"elementor-widget-wrap elementor-element-populated\">\n\t\t\t\t\t\t\t\t<div class=\"elementor-element elementor-element-5568d00 elementor-widget elementor-widget-html\" data-id=\"5568d00\" data-element_type=\"widget\" data-widget_type=\"html.default\">\n\t\t\t\t<div class=\"elementor-widget-container\">\n\t\t\t<style>\n    #Content {\n        min-height: 700px;\n    }\n    .select-wrapper {\n        display: flex;\n        align-items: center;\n    }\n    #soluzioni-select, #mezzi-select, #filtra {\n        margin:0;\n        margin-right: 5%;\n    }\n<\/style>\n<div class=\"select-wrapper\">\n<select id=\"soluzioni-select\" name=\"soluzioni-select\">\n    <option selected value=\"all\">Todos<\/option>\n    <option value=\"pesatura\">Monitoriza\u00e7\u00e3o de Pesagem<\/option>\n    <option value=\"monitoraggio\">Monitoriza\u00e7\u00e3o e Controlo<\/option>\n    <option value=\"sicurezza\">Seguran\u00e7a<\/option>\n<\/select>\n<select id=\"mezzi-select\" name=\"mezzi-select\">\n    <option selected value=\"all\">Todos<\/option>\n    <option value=\"autobetoniere\">Misturadores de caminh\u00f5es<\/option>\n    <option value=\"autobetoniere_autocaricanti\">Misturadores de caminh\u00f5es auto-carregados<\/option>\n    <option value=\"gru\">Guindaste<\/option>\n    <option value=\"camere_climatiche\">C\u00e2maras Clim\u00e1ticas<\/option>\n    <option value=\"wheel\">Carregador de rodas<\/option>\n    <option value=\"trivelle\">Exerc\u00edcios<\/option>\n    <option value=\"escavatori\">Escavadoras<\/option>\n    <option value=\"cingolati\">Ve\u00edculos rastreados<\/option>\n    <option value=\"miscelatori_calcestruzzo\">Misturadores de bet\u00e3o<\/option>\n    <option value=\"raccolta_frutta\">M\u00e1quinas de colheita de frutas<\/option>\n    <option value=\"shelter\">Abrigo<\/option>\n<\/select>\n<button id=\"filtra\" type=\"button\" onclick=\"filterProducts()\">Filtro<\/button>\n<\/div>\n<script>\n    function filterProducts() {\n        const soluzioni = jQuery(\"#soluzioni-select\").val();\n        const mezzi = jQuery(\"#mezzi-select\").val();\n        const animationLength = 300;\n\n        jQuery('.item').each(function() {\n            jQuery(this).fadeOut(animationLength);\n        });\n        \n        setTimeout(() => {\n            jQuery('.item').each(function() {\n                if (\n                    (jQuery(this).hasClass(soluzioni) || soluzioni === 'all') &&\n                    (jQuery(this).hasClass(mezzi) || mezzi === 'all')) {\n                    jQuery(this).fadeIn(animationLength);\n                }\n            });\n        }, animationLength);\n    }\n<\/script>\t\t<\/div>\n\t\t\t\t<\/div>\n\t\t\t\t\t<\/div>\n\t\t<\/div>\n\t\t\t\t\t\t\t<\/div>\n\t\t<\/section>\n\t\t\t\t\t\t<\/div>\n\t\t\t\t\t<\/div>\n\t\t","protected":false},"excerpt":{"rendered":"<p>TodosMonitoriza\u00e7\u00e3o de PesagemMonitoriza\u00e7\u00e3o e ControloSeguran\u00e7a TodosMisturadores de caminh\u00f5esMisturadores de caminh\u00f5es auto-carregadosGuindasteC\u00e2maras Clim\u00e1ticasCarregador de rodasExerc\u00edciosEscavadorasVe\u00edculos rastreadosMisturadores de bet\u00e3oM\u00e1quinas de colheita de frutasAbrigo Filtro<\/p>\n","protected":false},"author":1,"featured_media":0,"parent":0,"menu_order":0,"comment_status":"closed","ping_status":"closed","template":"","meta":{"footnotes":""},"class_list":["post-5251","page","type-page","status-publish","hentry"],"yoast_head":"<!-- This site is optimized with the Yoast SEO plugin v18.3 - https:\/\/yoast.com\/wordpress\/plugins\/seo\/ -->\n<title>Produtos - Hi-Tech Solutions<\/title>\n<meta name=\"description\" content=\"Produ\u00e7\u00e3o e conce\u00e7\u00e3o de produtos hitech fabricados em It\u00e1lia, produtos duradouros ladeados por suporte t\u00e9cnico\" \/>\n<meta name=\"robots\" content=\"index, follow, max-snippet:-1, max-image-preview:large, max-video-preview:-1\" \/>\n<link rel=\"canonical\" href=\"https:\/\/hitechsol.it\/pt-pt\/produtos\/\" \/>\n<meta property=\"og:locale\" content=\"pt_PT\" \/>\n<meta property=\"og:type\" content=\"article\" \/>\n<meta property=\"og:title\" content=\"Produtos - Hi-Tech Solutions\" \/>\n<meta property=\"og:description\" content=\"Produ\u00e7\u00e3o e conce\u00e7\u00e3o de produtos hitech fabricados em It\u00e1lia, produtos duradouros ladeados por suporte t\u00e9cnico\" \/>\n<meta property=\"og:url\" content=\"https:\/\/hitechsol.it\/pt-pt\/produtos\/\" \/>\n<meta property=\"og:site_name\" content=\"Hi-Tech Solutions\" \/>\n<meta property=\"article:modified_time\" content=\"2021-12-23T20:50:46+00:00\" \/>\n<meta name=\"twitter:card\" content=\"summary_large_image\" \/>\n<meta name=\"twitter:label1\" content=\"Tempo estimado de leitura\" \/>\n\t<meta name=\"twitter:data1\" content=\"1 minuto\" \/>\n<script type=\"application\/ld+json\" class=\"yoast-schema-graph\">{\"@context\":\"https:\/\/schema.org\",\"@graph\":[{\"@type\":\"WebSite\",\"@id\":\"https:\/\/hitechsol.it\/#website\",\"url\":\"https:\/\/hitechsol.it\/\",\"name\":\"Hi-Tech Solutions\",\"description\":\"Progettazione e produzione di sistemi elettronici per mezzi di meccanica pesante\",\"potentialAction\":[{\"@type\":\"SearchAction\",\"target\":{\"@type\":\"EntryPoint\",\"urlTemplate\":\"https:\/\/hitechsol.it\/?s={search_term_string}\"},\"query-input\":\"required name=search_term_string\"}],\"inLanguage\":\"pt-PT\"},{\"@type\":\"WebPage\",\"@id\":\"https:\/\/hitechsol.it\/pt-pt\/produtos\/#webpage\",\"url\":\"https:\/\/hitechsol.it\/pt-pt\/produtos\/\",\"name\":\"Produtos - Hi-Tech Solutions\",\"isPartOf\":{\"@id\":\"https:\/\/hitechsol.it\/#website\"},\"datePublished\":\"2021-12-22T14:47:10+00:00\",\"dateModified\":\"2021-12-23T20:50:46+00:00\",\"description\":\"Produ\u00e7\u00e3o e conce\u00e7\u00e3o de produtos hitech fabricados em It\u00e1lia, produtos duradouros ladeados por suporte t\u00e9cnico\",\"breadcrumb\":{\"@id\":\"https:\/\/hitechsol.it\/pt-pt\/produtos\/#breadcrumb\"},\"inLanguage\":\"pt-PT\",\"potentialAction\":[{\"@type\":\"ReadAction\",\"target\":[\"https:\/\/hitechsol.it\/pt-pt\/produtos\/\"]}]},{\"@type\":\"BreadcrumbList\",\"@id\":\"https:\/\/hitechsol.it\/pt-pt\/produtos\/#breadcrumb\",\"itemListElement\":[{\"@type\":\"ListItem\",\"position\":1,\"name\":\"Home\",\"item\":\"https:\/\/hitechsol.it\/pt-pt\/\"},{\"@type\":\"ListItem\",\"position\":2,\"name\":\"Produtos\"}]}]}<\/script>\n<!-- \/ Yoast SEO plugin. -->","yoast_head_json":{"title":"Produtos - Hi-Tech Solutions","description":"Produ\u00e7\u00e3o e conce\u00e7\u00e3o de produtos hitech fabricados em It\u00e1lia, produtos duradouros ladeados por suporte t\u00e9cnico","robots":{"index":"index","follow":"follow","max-snippet":"max-snippet:-1","max-image-preview":"max-image-preview:large","max-video-preview":"max-video-preview:-1"},"canonical":"https:\/\/hitechsol.it\/pt-pt\/produtos\/","og_locale":"pt_PT","og_type":"article","og_title":"Produtos - Hi-Tech Solutions","og_description":"Produ\u00e7\u00e3o e conce\u00e7\u00e3o de produtos hitech fabricados em It\u00e1lia, produtos duradouros ladeados por suporte t\u00e9cnico","og_url":"https:\/\/hitechsol.it\/pt-pt\/produtos\/","og_site_name":"Hi-Tech Solutions","article_modified_time":"2021-12-23T20:50:46+00:00","twitter_card":"summary_large_image","twitter_misc":{"Tempo estimado de leitura":"1 minuto"},"schema":{"@context":"https:\/\/schema.org","@graph":[{"@type":"WebSite","@id":"https:\/\/hitechsol.it\/#website","url":"https:\/\/hitechsol.it\/","name":"Hi-Tech Solutions","description":"Progettazione e produzione di sistemi elettronici per mezzi di meccanica pesante","potentialAction":[{"@type":"SearchAction","target":{"@type":"EntryPoint","urlTemplate":"https:\/\/hitechsol.it\/?s={search_term_string}"},"query-input":"required name=search_term_string"}],"inLanguage":"pt-PT"},{"@type":"WebPage","@id":"https:\/\/hitechsol.it\/pt-pt\/produtos\/#webpage","url":"https:\/\/hitechsol.it\/pt-pt\/produtos\/","name":"Produtos - Hi-Tech Solutions","isPartOf":{"@id":"https:\/\/hitechsol.it\/#website"},"datePublished":"2021-12-22T14:47:10+00:00","dateModified":"2021-12-23T20:50:46+00:00","description":"Produ\u00e7\u00e3o e conce\u00e7\u00e3o de produtos hitech fabricados em It\u00e1lia, produtos duradouros ladeados por suporte t\u00e9cnico","breadcrumb":{"@id":"https:\/\/hitechsol.it\/pt-pt\/produtos\/#breadcrumb"},"inLanguage":"pt-PT","potentialAction":[{"@type":"ReadAction","target":["https:\/\/hitechsol.it\/pt-pt\/produtos\/"]}]},{"@type":"BreadcrumbList","@id":"https:\/\/hitechsol.it\/pt-pt\/produtos\/#breadcrumb","itemListElement":[{"@type":"ListItem","position":1,"name":"Home","item":"https:\/\/hitechsol.it\/pt-pt\/"},{"@type":"ListItem","position":2,"name":"Produtos"}]}]}},"_links":{"self":[{"href":"https:\/\/hitechsol.it\/pt-pt\/wp-json\/wp\/v2\/pages\/5251","targetHints":{"allow":["GET"]}}],"collection":[{"href":"https:\/\/hitechsol.it\/pt-pt\/wp-json\/wp\/v2\/pages"}],"about":[{"href":"https:\/\/hitechsol.it\/pt-pt\/wp-json\/wp\/v2\/types\/page"}],"author":[{"embeddable":true,"href":"https:\/\/hitechsol.it\/pt-pt\/wp-json\/wp\/v2\/users\/1"}],"replies":[{"embeddable":true,"href":"https:\/\/hitechsol.it\/pt-pt\/wp-json\/wp\/v2\/comments?post=5251"}],"version-history":[{"count":4,"href":"https:\/\/hitechsol.it\/pt-pt\/wp-json\/wp\/v2\/pages\/5251\/revisions"}],"predecessor-version":[{"id":5922,"href":"https:\/\/hitechsol.it\/pt-pt\/wp-json\/wp\/v2\/pages\/5251\/revisions\/5922"}],"wp:attachment":[{"href":"https:\/\/hitechsol.it\/pt-pt\/wp-json\/wp\/v2\/media?parent=5251"}],"curies":[{"name":"wp","href":"https:\/\/api.w.org\/{rel}","templated":true}]}}