{"id":5013,"date":"2021-12-22T10:46:36","date_gmt":"2021-12-22T09:46:36","guid":{"rendered":"https:\/\/hitechsol.it\/contribuicoes-publicas-para-a-obrigacao-de-transparencia-das-empresas-para-2020\/"},"modified":"2021-12-22T11:26:37","modified_gmt":"2021-12-22T10:26:37","slug":"contribuicoes-publicas-para-a-obrigacao-de-transparencia-das-empresas-para-2020","status":"publish","type":"page","link":"https:\/\/hitechsol.it\/pt-pt\/contribuicoes-publicas-para-a-obrigacao-de-transparencia-das-empresas-para-2020\/","title":{"rendered":"Contribui\u00e7\u00f5es p\u00fablicas para a obriga\u00e7\u00e3o de transpar\u00eancia das empresas para 2020"},"content":{"rendered":"\n<h1 class=\"has-text-align-center wp-block-heading\"><strong>Ano 2020<\/strong><\/h1>\n\n<figure class=\"wp-block-table\"><table><tbody><tr><td class=\"has-text-align-center\" data-align=\"center\"><strong>Nome e c\u00f3digo fiscal do destinat\u00e1rio<\/strong><\/td><td class=\"has-text-align-center\" data-align=\"center\"><strong>Nome e c\u00f3digo fiscal do credor<\/strong><\/td><td class=\"has-text-align-center\" data-align=\"center\"><strong>Montante recolhido (para cada rela\u00e7\u00e3o jur\u00eddica subjacente)<\/strong><\/td><td class=\"has-text-align-center\" data-align=\"center\"><strong>Data de concess\u00e3o<\/strong><\/td><td class=\"has-text-align-center\" data-align=\"center\"><strong>Contribui\u00e7\u00e3o causal<\/strong><\/td><\/tr><tr><td class=\"has-text-align-center\" data-align=\"center\">SOLU\u00c7\u00d5ES DE ALTA TECNOLOGIA SRL 02281610549<\/td><td class=\"has-text-align-center\" data-align=\"center\">Ag\u00eancia Regional para pol\u00edticas laborais ativas &#8211; Arpal Umbria<\/td><td class=\"has-text-align-center\" data-align=\"center\">\u20ac 3.000,00<\/td><td class=\"has-text-align-center\" data-align=\"center\">9\/7\/2020<\/td><td class=\"has-text-align-center\" data-align=\"center\">Incentivo ao recrutamento e educa\u00e7\u00e3o cont\u00ednua<\/td><\/tr><tr><td class=\"has-text-align-center\" data-align=\"center\">SOLU\u00c7\u00d5ES DE ALTA TECNOLOGIA SRL 02281610550<\/td><td class=\"has-text-align-center\" data-align=\"center\">Fundo de Forma\u00e7\u00e3o de Artesanato<\/td><td class=\"has-text-align-center\" data-align=\"center\">\u20ac 3.900,00<\/td><td class=\"has-text-align-center\" data-align=\"center\">13\/7\/2020<\/td><td class=\"has-text-align-center\" data-align=\"center\">Ensino cont\u00ednuo &#8211; PROJETOS OPERACIONAIS (P.S.) &#8211; 49743<\/td><\/tr><tr><td class=\"has-text-align-center\" data-align=\"center\">SOLU\u00c7\u00d5ES DE ALTA TECNOLOGIA SRL 02281610551<\/td><td class=\"has-text-align-center\" data-align=\"center\">Regi\u00e3o da \u00dambria &#8211; Conselho Regional<\/td><td class=\"has-text-align-center\" data-align=\"center\">US\u20ac1.155,20<\/td><td class=\"has-text-align-center\" data-align=\"center\">25\/8\/2020<\/td><td class=\"has-text-align-center\" data-align=\"center\">Regime de ajuda ao apoio a Projetos Complexos de Investiga\u00e7\u00e3o e Desenvolvimento nos termos da arte. 25 RGEC<\/td><\/tr><tr><td class=\"has-text-align-center\" data-align=\"center\">SOLU\u00c7\u00d5ES DE ALTA TECNOLOGIA SRL 02281610552<\/td><td class=\"has-text-align-center\" data-align=\"center\">Banca del Mezzogiorno MedioCredito Centrale S.p.A.<\/td><td class=\"has-text-align-center\" data-align=\"center\">US\u20ac14.166,42<\/td><td class=\"has-text-align-center\" data-align=\"center\">20\/11\/2020<\/td><td class=\"has-text-align-center\" data-align=\"center\">Fundo de Garantia lg.662\/96 &#8211; Garantia direta<\/td><\/tr><tr><td class=\"has-text-align-center\" data-align=\"center\">SOLU\u00c7\u00d5ES DE ALTA TECNOLOGIA SRL 02281610553<\/td><td class=\"has-text-align-center\" data-align=\"center\">Banca del Mezzogiorno MedioCredito Centrale S.p.A.<\/td><td class=\"has-text-align-center\" data-align=\"center\">US\u20ac4.455,85<\/td><td class=\"has-text-align-center\" data-align=\"center\">30\/11\/2020<\/td><td class=\"has-text-align-center\" data-align=\"center\">COVID-19: Fundo de Garantia de PME State aid Ltd. 56966 (2020\/N)<\/td><\/tr><\/tbody><\/table><\/figure>\n<div style=\"height:50px\" aria-hidden=\"true\" class=\"wp-block-spacer\"><\/div>\n","protected":false},"excerpt":{"rendered":"<p>Ano 2020 Nome e c\u00f3digo fiscal do destinat\u00e1rio Nome e c\u00f3digo fiscal do credor Montante recolhido (para cada rela\u00e7\u00e3o jur\u00eddica subjacente) Data de concess\u00e3o Contribui\u00e7\u00e3o causal<span class=\"excerpt-hellip\"> [\u2026]<\/span><\/p>\n","protected":false},"author":2,"featured_media":0,"parent":0,"menu_order":0,"comment_status":"closed","ping_status":"closed","template":"","meta":{"footnotes":""},"class_list":["post-5013","page","type-page","status-publish","hentry"],"yoast_head":"<!-- This site is optimized with the Yoast SEO plugin v18.3 - https:\/\/yoast.com\/wordpress\/plugins\/seo\/ -->\n<title>Contribui\u00e7\u00f5es p\u00fablicas para a obriga\u00e7\u00e3o de transpar\u00eancia das empresas para 2020 - Hi-Tech Solutions<\/title>\n<meta name=\"robots\" content=\"index, follow, max-snippet:-1, max-image-preview:large, max-video-preview:-1\" \/>\n<link rel=\"canonical\" href=\"https:\/\/hitechsol.it\/pt-pt\/contribuicoes-publicas-para-a-obrigacao-de-transparencia-das-empresas-para-2020\/\" \/>\n<meta property=\"og:locale\" content=\"pt_PT\" \/>\n<meta property=\"og:type\" content=\"article\" \/>\n<meta property=\"og:title\" content=\"Contribui\u00e7\u00f5es p\u00fablicas para a obriga\u00e7\u00e3o de transpar\u00eancia das empresas para 2020 - Hi-Tech Solutions\" \/>\n<meta property=\"og:description\" content=\"Ano 2020 Nome e c\u00f3digo fiscal do destinat\u00e1rio Nome e c\u00f3digo fiscal do credor Montante recolhido (para cada rela\u00e7\u00e3o jur\u00eddica subjacente) Data de concess\u00e3o Contribui\u00e7\u00e3o causal [\u2026]\" \/>\n<meta property=\"og:url\" content=\"https:\/\/hitechsol.it\/pt-pt\/contribuicoes-publicas-para-a-obrigacao-de-transparencia-das-empresas-para-2020\/\" \/>\n<meta property=\"og:site_name\" content=\"Hi-Tech Solutions\" \/>\n<meta property=\"article:modified_time\" content=\"2021-12-22T10:26:37+00:00\" \/>\n<meta name=\"twitter:card\" content=\"summary_large_image\" \/>\n<meta name=\"twitter:label1\" content=\"Tempo estimado de leitura\" \/>\n\t<meta name=\"twitter:data1\" content=\"1 minuto\" \/>\n<script type=\"application\/ld+json\" class=\"yoast-schema-graph\">{\"@context\":\"https:\/\/schema.org\",\"@graph\":[{\"@type\":\"WebSite\",\"@id\":\"https:\/\/hitechsol.it\/#website\",\"url\":\"https:\/\/hitechsol.it\/\",\"name\":\"Hi-Tech Solutions\",\"description\":\"Progettazione e produzione di sistemi elettronici per mezzi di meccanica pesante\",\"potentialAction\":[{\"@type\":\"SearchAction\",\"target\":{\"@type\":\"EntryPoint\",\"urlTemplate\":\"https:\/\/hitechsol.it\/?s={search_term_string}\"},\"query-input\":\"required name=search_term_string\"}],\"inLanguage\":\"pt-PT\"},{\"@type\":\"WebPage\",\"@id\":\"https:\/\/hitechsol.it\/pt-pt\/contribuicoes-publicas-para-a-obrigacao-de-transparencia-das-empresas-para-2020\/#webpage\",\"url\":\"https:\/\/hitechsol.it\/pt-pt\/contribuicoes-publicas-para-a-obrigacao-de-transparencia-das-empresas-para-2020\/\",\"name\":\"Contribui\u00e7\u00f5es p\u00fablicas para a obriga\u00e7\u00e3o de transpar\u00eancia das empresas para 2020 - Hi-Tech Solutions\",\"isPartOf\":{\"@id\":\"https:\/\/hitechsol.it\/#website\"},\"datePublished\":\"2021-12-22T09:46:36+00:00\",\"dateModified\":\"2021-12-22T10:26:37+00:00\",\"breadcrumb\":{\"@id\":\"https:\/\/hitechsol.it\/pt-pt\/contribuicoes-publicas-para-a-obrigacao-de-transparencia-das-empresas-para-2020\/#breadcrumb\"},\"inLanguage\":\"pt-PT\",\"potentialAction\":[{\"@type\":\"ReadAction\",\"target\":[\"https:\/\/hitechsol.it\/pt-pt\/contribuicoes-publicas-para-a-obrigacao-de-transparencia-das-empresas-para-2020\/\"]}]},{\"@type\":\"BreadcrumbList\",\"@id\":\"https:\/\/hitechsol.it\/pt-pt\/contribuicoes-publicas-para-a-obrigacao-de-transparencia-das-empresas-para-2020\/#breadcrumb\",\"itemListElement\":[{\"@type\":\"ListItem\",\"position\":1,\"name\":\"Home\",\"item\":\"https:\/\/hitechsol.it\/pt-pt\/\"},{\"@type\":\"ListItem\",\"position\":2,\"name\":\"Contribui\u00e7\u00f5es p\u00fablicas para a obriga\u00e7\u00e3o de transpar\u00eancia das empresas para 2020\"}]}]}<\/script>\n<!-- \/ Yoast SEO plugin. -->","yoast_head_json":{"title":"Contribui\u00e7\u00f5es p\u00fablicas para a obriga\u00e7\u00e3o de transpar\u00eancia das empresas para 2020 - Hi-Tech Solutions","robots":{"index":"index","follow":"follow","max-snippet":"max-snippet:-1","max-image-preview":"max-image-preview:large","max-video-preview":"max-video-preview:-1"},"canonical":"https:\/\/hitechsol.it\/pt-pt\/contribuicoes-publicas-para-a-obrigacao-de-transparencia-das-empresas-para-2020\/","og_locale":"pt_PT","og_type":"article","og_title":"Contribui\u00e7\u00f5es p\u00fablicas para a obriga\u00e7\u00e3o de transpar\u00eancia das empresas para 2020 - Hi-Tech Solutions","og_description":"Ano 2020 Nome e c\u00f3digo fiscal do destinat\u00e1rio Nome e c\u00f3digo fiscal do credor Montante recolhido (para cada rela\u00e7\u00e3o jur\u00eddica subjacente) Data de concess\u00e3o Contribui\u00e7\u00e3o causal [\u2026]","og_url":"https:\/\/hitechsol.it\/pt-pt\/contribuicoes-publicas-para-a-obrigacao-de-transparencia-das-empresas-para-2020\/","og_site_name":"Hi-Tech Solutions","article_modified_time":"2021-12-22T10:26:37+00:00","twitter_card":"summary_large_image","twitter_misc":{"Tempo estimado de leitura":"1 minuto"},"schema":{"@context":"https:\/\/schema.org","@graph":[{"@type":"WebSite","@id":"https:\/\/hitechsol.it\/#website","url":"https:\/\/hitechsol.it\/","name":"Hi-Tech Solutions","description":"Progettazione e produzione di sistemi elettronici per mezzi di meccanica pesante","potentialAction":[{"@type":"SearchAction","target":{"@type":"EntryPoint","urlTemplate":"https:\/\/hitechsol.it\/?s={search_term_string}"},"query-input":"required name=search_term_string"}],"inLanguage":"pt-PT"},{"@type":"WebPage","@id":"https:\/\/hitechsol.it\/pt-pt\/contribuicoes-publicas-para-a-obrigacao-de-transparencia-das-empresas-para-2020\/#webpage","url":"https:\/\/hitechsol.it\/pt-pt\/contribuicoes-publicas-para-a-obrigacao-de-transparencia-das-empresas-para-2020\/","name":"Contribui\u00e7\u00f5es p\u00fablicas para a obriga\u00e7\u00e3o de transpar\u00eancia das empresas para 2020 - Hi-Tech Solutions","isPartOf":{"@id":"https:\/\/hitechsol.it\/#website"},"datePublished":"2021-12-22T09:46:36+00:00","dateModified":"2021-12-22T10:26:37+00:00","breadcrumb":{"@id":"https:\/\/hitechsol.it\/pt-pt\/contribuicoes-publicas-para-a-obrigacao-de-transparencia-das-empresas-para-2020\/#breadcrumb"},"inLanguage":"pt-PT","potentialAction":[{"@type":"ReadAction","target":["https:\/\/hitechsol.it\/pt-pt\/contribuicoes-publicas-para-a-obrigacao-de-transparencia-das-empresas-para-2020\/"]}]},{"@type":"BreadcrumbList","@id":"https:\/\/hitechsol.it\/pt-pt\/contribuicoes-publicas-para-a-obrigacao-de-transparencia-das-empresas-para-2020\/#breadcrumb","itemListElement":[{"@type":"ListItem","position":1,"name":"Home","item":"https:\/\/hitechsol.it\/pt-pt\/"},{"@type":"ListItem","position":2,"name":"Contribui\u00e7\u00f5es p\u00fablicas para a obriga\u00e7\u00e3o de transpar\u00eancia das empresas para 2020"}]}]}},"_links":{"self":[{"href":"https:\/\/hitechsol.it\/pt-pt\/wp-json\/wp\/v2\/pages\/5013","targetHints":{"allow":["GET"]}}],"collection":[{"href":"https:\/\/hitechsol.it\/pt-pt\/wp-json\/wp\/v2\/pages"}],"about":[{"href":"https:\/\/hitechsol.it\/pt-pt\/wp-json\/wp\/v2\/types\/page"}],"author":[{"embeddable":true,"href":"https:\/\/hitechsol.it\/pt-pt\/wp-json\/wp\/v2\/users\/2"}],"replies":[{"embeddable":true,"href":"https:\/\/hitechsol.it\/pt-pt\/wp-json\/wp\/v2\/comments?post=5013"}],"version-history":[{"count":7,"href":"https:\/\/hitechsol.it\/pt-pt\/wp-json\/wp\/v2\/pages\/5013\/revisions"}],"predecessor-version":[{"id":5082,"href":"https:\/\/hitechsol.it\/pt-pt\/wp-json\/wp\/v2\/pages\/5013\/revisions\/5082"}],"wp:attachment":[{"href":"https:\/\/hitechsol.it\/pt-pt\/wp-json\/wp\/v2\/media?parent=5013"}],"curies":[{"name":"wp","href":"https:\/\/api.w.org\/{rel}","templated":true}]}}