{"id":5762,"date":"2021-12-22T22:34:39","date_gmt":"2021-12-22T21:34:39","guid":{"rendered":"https:\/\/hitechsol.it\/machines-a-recolter-les-fruits\/"},"modified":"2021-12-23T17:08:08","modified_gmt":"2021-12-23T16:08:08","slug":"machines-a-recolter-les-fruits","status":"publish","type":"page","link":"https:\/\/hitechsol.it\/fr\/securite\/machines-a-recolter-les-fruits\/","title":{"rendered":"Machines \u00e0 r\u00e9colter les fruits"},"content":{"rendered":"","protected":false},"excerpt":{"rendered":"","protected":false},"author":1,"featured_media":0,"parent":5791,"menu_order":0,"comment_status":"closed","ping_status":"closed","template":"","meta":{"footnotes":""},"class_list":["post-5762","page","type-page","status-publish","hentry"],"yoast_head":"<!-- This site is optimized with the Yoast SEO plugin v18.3 - https:\/\/yoast.com\/wordpress\/plugins\/seo\/ -->\n<title>Machines \u00e0 r\u00e9colter les fruits - Hi-Tech Solutions<\/title>\n<meta name=\"description\" content=\"Le syst\u00e8me pour machines \u00e0 r\u00e9colter les fruits permet d&#039;\u00e9viter le risque de renversement du v\u00e9hicule afin de travailler en toute s\u00e9curit\u00e9\" \/>\n<meta name=\"robots\" content=\"index, follow, max-snippet:-1, max-image-preview:large, max-video-preview:-1\" \/>\n<link rel=\"canonical\" href=\"https:\/\/hitechsol.it\/fr\/securite\/machines-a-recolter-les-fruits\/\" \/>\n<meta property=\"og:locale\" content=\"fr_FR\" \/>\n<meta property=\"og:type\" content=\"article\" \/>\n<meta property=\"og:title\" content=\"Machines \u00e0 r\u00e9colter les fruits - Hi-Tech Solutions\" \/>\n<meta property=\"og:description\" content=\"Le syst\u00e8me pour machines \u00e0 r\u00e9colter les fruits permet d&#039;\u00e9viter le risque de renversement du v\u00e9hicule afin de travailler en toute s\u00e9curit\u00e9\" \/>\n<meta property=\"og:url\" content=\"https:\/\/hitechsol.it\/fr\/securite\/machines-a-recolter-les-fruits\/\" \/>\n<meta property=\"og:site_name\" content=\"Hi-Tech Solutions\" \/>\n<meta property=\"article:modified_time\" content=\"2021-12-23T16:08:08+00:00\" \/>\n<meta name=\"twitter:card\" content=\"summary_large_image\" \/>\n<script type=\"application\/ld+json\" class=\"yoast-schema-graph\">{\"@context\":\"https:\/\/schema.org\",\"@graph\":[{\"@type\":\"WebSite\",\"@id\":\"https:\/\/hitechsol.it\/#website\",\"url\":\"https:\/\/hitechsol.it\/\",\"name\":\"Hi-Tech Solutions\",\"description\":\"Progettazione e produzione di sistemi elettronici per mezzi di meccanica pesante\",\"potentialAction\":[{\"@type\":\"SearchAction\",\"target\":{\"@type\":\"EntryPoint\",\"urlTemplate\":\"https:\/\/hitechsol.it\/?s={search_term_string}\"},\"query-input\":\"required name=search_term_string\"}],\"inLanguage\":\"fr-FR\"},{\"@type\":\"WebPage\",\"@id\":\"https:\/\/hitechsol.it\/fr\/securite\/machines-a-recolter-les-fruits\/#webpage\",\"url\":\"https:\/\/hitechsol.it\/fr\/securite\/machines-a-recolter-les-fruits\/\",\"name\":\"Machines \u00e0 r\u00e9colter les fruits - Hi-Tech Solutions\",\"isPartOf\":{\"@id\":\"https:\/\/hitechsol.it\/#website\"},\"datePublished\":\"2021-12-22T21:34:39+00:00\",\"dateModified\":\"2021-12-23T16:08:08+00:00\",\"description\":\"Le syst\u00e8me pour machines \u00e0 r\u00e9colter les fruits permet d'\u00e9viter le risque de renversement du v\u00e9hicule afin de travailler en toute s\u00e9curit\u00e9\",\"breadcrumb\":{\"@id\":\"https:\/\/hitechsol.it\/fr\/securite\/machines-a-recolter-les-fruits\/#breadcrumb\"},\"inLanguage\":\"fr-FR\",\"potentialAction\":[{\"@type\":\"ReadAction\",\"target\":[\"https:\/\/hitechsol.it\/fr\/securite\/machines-a-recolter-les-fruits\/\"]}]},{\"@type\":\"BreadcrumbList\",\"@id\":\"https:\/\/hitechsol.it\/fr\/securite\/machines-a-recolter-les-fruits\/#breadcrumb\",\"itemListElement\":[{\"@type\":\"ListItem\",\"position\":1,\"name\":\"Home\",\"item\":\"https:\/\/hitechsol.it\/fr\/\"},{\"@type\":\"ListItem\",\"position\":2,\"name\":\"S\u00e9curit\u00e9\",\"item\":\"https:\/\/hitechsol.it\/fr\/?page_id=5791\"},{\"@type\":\"ListItem\",\"position\":3,\"name\":\"Machines \u00e0 r\u00e9colter les fruits\"}]}]}<\/script>\n<!-- \/ Yoast SEO plugin. -->","yoast_head_json":{"title":"Machines \u00e0 r\u00e9colter les fruits - Hi-Tech Solutions","description":"Le syst\u00e8me pour machines \u00e0 r\u00e9colter les fruits permet d'\u00e9viter le risque de renversement du v\u00e9hicule afin de travailler en toute s\u00e9curit\u00e9","robots":{"index":"index","follow":"follow","max-snippet":"max-snippet:-1","max-image-preview":"max-image-preview:large","max-video-preview":"max-video-preview:-1"},"canonical":"https:\/\/hitechsol.it\/fr\/securite\/machines-a-recolter-les-fruits\/","og_locale":"fr_FR","og_type":"article","og_title":"Machines \u00e0 r\u00e9colter les fruits - Hi-Tech Solutions","og_description":"Le syst\u00e8me pour machines \u00e0 r\u00e9colter les fruits permet d'\u00e9viter le risque de renversement du v\u00e9hicule afin de travailler en toute s\u00e9curit\u00e9","og_url":"https:\/\/hitechsol.it\/fr\/securite\/machines-a-recolter-les-fruits\/","og_site_name":"Hi-Tech Solutions","article_modified_time":"2021-12-23T16:08:08+00:00","twitter_card":"summary_large_image","schema":{"@context":"https:\/\/schema.org","@graph":[{"@type":"WebSite","@id":"https:\/\/hitechsol.it\/#website","url":"https:\/\/hitechsol.it\/","name":"Hi-Tech Solutions","description":"Progettazione e produzione di sistemi elettronici per mezzi di meccanica pesante","potentialAction":[{"@type":"SearchAction","target":{"@type":"EntryPoint","urlTemplate":"https:\/\/hitechsol.it\/?s={search_term_string}"},"query-input":"required name=search_term_string"}],"inLanguage":"fr-FR"},{"@type":"WebPage","@id":"https:\/\/hitechsol.it\/fr\/securite\/machines-a-recolter-les-fruits\/#webpage","url":"https:\/\/hitechsol.it\/fr\/securite\/machines-a-recolter-les-fruits\/","name":"Machines \u00e0 r\u00e9colter les fruits - Hi-Tech Solutions","isPartOf":{"@id":"https:\/\/hitechsol.it\/#website"},"datePublished":"2021-12-22T21:34:39+00:00","dateModified":"2021-12-23T16:08:08+00:00","description":"Le syst\u00e8me pour machines \u00e0 r\u00e9colter les fruits permet d'\u00e9viter le risque de renversement du v\u00e9hicule afin de travailler en toute s\u00e9curit\u00e9","breadcrumb":{"@id":"https:\/\/hitechsol.it\/fr\/securite\/machines-a-recolter-les-fruits\/#breadcrumb"},"inLanguage":"fr-FR","potentialAction":[{"@type":"ReadAction","target":["https:\/\/hitechsol.it\/fr\/securite\/machines-a-recolter-les-fruits\/"]}]},{"@type":"BreadcrumbList","@id":"https:\/\/hitechsol.it\/fr\/securite\/machines-a-recolter-les-fruits\/#breadcrumb","itemListElement":[{"@type":"ListItem","position":1,"name":"Home","item":"https:\/\/hitechsol.it\/fr\/"},{"@type":"ListItem","position":2,"name":"S\u00e9curit\u00e9","item":"https:\/\/hitechsol.it\/fr\/?page_id=5791"},{"@type":"ListItem","position":3,"name":"Machines \u00e0 r\u00e9colter les fruits"}]}]}},"_links":{"self":[{"href":"https:\/\/hitechsol.it\/fr\/wp-json\/wp\/v2\/pages\/5762","targetHints":{"allow":["GET"]}}],"collection":[{"href":"https:\/\/hitechsol.it\/fr\/wp-json\/wp\/v2\/pages"}],"about":[{"href":"https:\/\/hitechsol.it\/fr\/wp-json\/wp\/v2\/types\/page"}],"author":[{"embeddable":true,"href":"https:\/\/hitechsol.it\/fr\/wp-json\/wp\/v2\/users\/1"}],"replies":[{"embeddable":true,"href":"https:\/\/hitechsol.it\/fr\/wp-json\/wp\/v2\/comments?post=5762"}],"version-history":[{"count":1,"href":"https:\/\/hitechsol.it\/fr\/wp-json\/wp\/v2\/pages\/5762\/revisions"}],"predecessor-version":[{"id":5882,"href":"https:\/\/hitechsol.it\/fr\/wp-json\/wp\/v2\/pages\/5762\/revisions\/5882"}],"up":[{"embeddable":true,"href":"https:\/\/hitechsol.it\/fr\/wp-json\/wp\/v2\/pages\/5791"}],"wp:attachment":[{"href":"https:\/\/hitechsol.it\/fr\/wp-json\/wp\/v2\/media?parent=5762"}],"curies":[{"name":"wp","href":"https:\/\/api.w.org\/{rel}","templated":true}]}}