{"id":5731,"date":"2021-12-22T22:11:16","date_gmt":"2021-12-22T21:11:16","guid":{"rendered":"https:\/\/hitechsol.it\/pelles\/"},"modified":"2021-12-23T16:48:46","modified_gmt":"2021-12-23T15:48:46","slug":"pelles","status":"publish","type":"page","link":"https:\/\/hitechsol.it\/fr\/monitorage-et-controle\/pelles\/","title":{"rendered":"Pelles"},"content":{"rendered":"","protected":false},"excerpt":{"rendered":"","protected":false},"author":1,"featured_media":0,"parent":5707,"menu_order":0,"comment_status":"closed","ping_status":"closed","template":"","meta":{"footnotes":""},"class_list":["post-5731","page","type-page","status-publish","hentry"],"yoast_head":"<!-- This site is optimized with the Yoast SEO plugin v18.3 - https:\/\/yoast.com\/wordpress\/plugins\/seo\/ -->\n<title>Pelles - Hi-Tech Solutions<\/title>\n<meta name=\"description\" content=\"Le syst\u00e8me de contr\u00f4le pour pelles permet d&#039;optimiser les ressources m\u00e9caniques et hydrauliques de la machine\" \/>\n<meta name=\"robots\" content=\"index, follow, max-snippet:-1, max-image-preview:large, max-video-preview:-1\" \/>\n<link rel=\"canonical\" href=\"https:\/\/hitechsol.it\/fr\/monitorage-et-controle\/pelles\/\" \/>\n<meta property=\"og:locale\" content=\"fr_FR\" \/>\n<meta property=\"og:type\" content=\"article\" \/>\n<meta property=\"og:title\" content=\"Pelles - Hi-Tech Solutions\" \/>\n<meta property=\"og:description\" content=\"Le syst\u00e8me de contr\u00f4le pour pelles permet d&#039;optimiser les ressources m\u00e9caniques et hydrauliques de la machine\" \/>\n<meta property=\"og:url\" content=\"https:\/\/hitechsol.it\/fr\/monitorage-et-controle\/pelles\/\" \/>\n<meta property=\"og:site_name\" content=\"Hi-Tech Solutions\" \/>\n<meta property=\"article:modified_time\" content=\"2021-12-23T15:48:46+00:00\" \/>\n<meta name=\"twitter:card\" content=\"summary_large_image\" \/>\n<script type=\"application\/ld+json\" class=\"yoast-schema-graph\">{\"@context\":\"https:\/\/schema.org\",\"@graph\":[{\"@type\":\"WebSite\",\"@id\":\"https:\/\/hitechsol.it\/#website\",\"url\":\"https:\/\/hitechsol.it\/\",\"name\":\"Hi-Tech Solutions\",\"description\":\"Progettazione e produzione di sistemi elettronici per mezzi di meccanica pesante\",\"potentialAction\":[{\"@type\":\"SearchAction\",\"target\":{\"@type\":\"EntryPoint\",\"urlTemplate\":\"https:\/\/hitechsol.it\/?s={search_term_string}\"},\"query-input\":\"required name=search_term_string\"}],\"inLanguage\":\"fr-FR\"},{\"@type\":\"WebPage\",\"@id\":\"https:\/\/hitechsol.it\/fr\/monitorage-et-controle\/pelles\/#webpage\",\"url\":\"https:\/\/hitechsol.it\/fr\/monitorage-et-controle\/pelles\/\",\"name\":\"Pelles - Hi-Tech Solutions\",\"isPartOf\":{\"@id\":\"https:\/\/hitechsol.it\/#website\"},\"datePublished\":\"2021-12-22T21:11:16+00:00\",\"dateModified\":\"2021-12-23T15:48:46+00:00\",\"description\":\"Le syst\u00e8me de contr\u00f4le pour pelles permet d'optimiser les ressources m\u00e9caniques et hydrauliques de la machine\",\"breadcrumb\":{\"@id\":\"https:\/\/hitechsol.it\/fr\/monitorage-et-controle\/pelles\/#breadcrumb\"},\"inLanguage\":\"fr-FR\",\"potentialAction\":[{\"@type\":\"ReadAction\",\"target\":[\"https:\/\/hitechsol.it\/fr\/monitorage-et-controle\/pelles\/\"]}]},{\"@type\":\"BreadcrumbList\",\"@id\":\"https:\/\/hitechsol.it\/fr\/monitorage-et-controle\/pelles\/#breadcrumb\",\"itemListElement\":[{\"@type\":\"ListItem\",\"position\":1,\"name\":\"Home\",\"item\":\"https:\/\/hitechsol.it\/fr\/\"},{\"@type\":\"ListItem\",\"position\":2,\"name\":\"Monitorage et contr\u00f4le\",\"item\":\"https:\/\/hitechsol.it\/fr\/?page_id=5707\"},{\"@type\":\"ListItem\",\"position\":3,\"name\":\"Pelles\"}]}]}<\/script>\n<!-- \/ Yoast SEO plugin. -->","yoast_head_json":{"title":"Pelles - Hi-Tech Solutions","description":"Le syst\u00e8me de contr\u00f4le pour pelles permet d'optimiser les ressources m\u00e9caniques et hydrauliques de la machine","robots":{"index":"index","follow":"follow","max-snippet":"max-snippet:-1","max-image-preview":"max-image-preview:large","max-video-preview":"max-video-preview:-1"},"canonical":"https:\/\/hitechsol.it\/fr\/monitorage-et-controle\/pelles\/","og_locale":"fr_FR","og_type":"article","og_title":"Pelles - Hi-Tech Solutions","og_description":"Le syst\u00e8me de contr\u00f4le pour pelles permet d'optimiser les ressources m\u00e9caniques et hydrauliques de la machine","og_url":"https:\/\/hitechsol.it\/fr\/monitorage-et-controle\/pelles\/","og_site_name":"Hi-Tech Solutions","article_modified_time":"2021-12-23T15:48:46+00:00","twitter_card":"summary_large_image","schema":{"@context":"https:\/\/schema.org","@graph":[{"@type":"WebSite","@id":"https:\/\/hitechsol.it\/#website","url":"https:\/\/hitechsol.it\/","name":"Hi-Tech Solutions","description":"Progettazione e produzione di sistemi elettronici per mezzi di meccanica pesante","potentialAction":[{"@type":"SearchAction","target":{"@type":"EntryPoint","urlTemplate":"https:\/\/hitechsol.it\/?s={search_term_string}"},"query-input":"required name=search_term_string"}],"inLanguage":"fr-FR"},{"@type":"WebPage","@id":"https:\/\/hitechsol.it\/fr\/monitorage-et-controle\/pelles\/#webpage","url":"https:\/\/hitechsol.it\/fr\/monitorage-et-controle\/pelles\/","name":"Pelles - Hi-Tech Solutions","isPartOf":{"@id":"https:\/\/hitechsol.it\/#website"},"datePublished":"2021-12-22T21:11:16+00:00","dateModified":"2021-12-23T15:48:46+00:00","description":"Le syst\u00e8me de contr\u00f4le pour pelles permet d'optimiser les ressources m\u00e9caniques et hydrauliques de la machine","breadcrumb":{"@id":"https:\/\/hitechsol.it\/fr\/monitorage-et-controle\/pelles\/#breadcrumb"},"inLanguage":"fr-FR","potentialAction":[{"@type":"ReadAction","target":["https:\/\/hitechsol.it\/fr\/monitorage-et-controle\/pelles\/"]}]},{"@type":"BreadcrumbList","@id":"https:\/\/hitechsol.it\/fr\/monitorage-et-controle\/pelles\/#breadcrumb","itemListElement":[{"@type":"ListItem","position":1,"name":"Home","item":"https:\/\/hitechsol.it\/fr\/"},{"@type":"ListItem","position":2,"name":"Monitorage et contr\u00f4le","item":"https:\/\/hitechsol.it\/fr\/?page_id=5707"},{"@type":"ListItem","position":3,"name":"Pelles"}]}]}},"_links":{"self":[{"href":"https:\/\/hitechsol.it\/fr\/wp-json\/wp\/v2\/pages\/5731","targetHints":{"allow":["GET"]}}],"collection":[{"href":"https:\/\/hitechsol.it\/fr\/wp-json\/wp\/v2\/pages"}],"about":[{"href":"https:\/\/hitechsol.it\/fr\/wp-json\/wp\/v2\/types\/page"}],"author":[{"embeddable":true,"href":"https:\/\/hitechsol.it\/fr\/wp-json\/wp\/v2\/users\/1"}],"replies":[{"embeddable":true,"href":"https:\/\/hitechsol.it\/fr\/wp-json\/wp\/v2\/comments?post=5731"}],"version-history":[{"count":1,"href":"https:\/\/hitechsol.it\/fr\/wp-json\/wp\/v2\/pages\/5731\/revisions"}],"predecessor-version":[{"id":5873,"href":"https:\/\/hitechsol.it\/fr\/wp-json\/wp\/v2\/pages\/5731\/revisions\/5873"}],"up":[{"embeddable":true,"href":"https:\/\/hitechsol.it\/fr\/wp-json\/wp\/v2\/pages\/5707"}],"wp:attachment":[{"href":"https:\/\/hitechsol.it\/fr\/wp-json\/wp\/v2\/media?parent=5731"}],"curies":[{"name":"wp","href":"https:\/\/api.w.org\/{rel}","templated":true}]}}