{"id":5276,"date":"2021-12-22T15:47:18","date_gmt":"2021-12-22T14:47:18","guid":{"rendered":"https:\/\/hitechsol.it\/produits\/"},"modified":"2021-12-23T15:55:48","modified_gmt":"2021-12-23T14:55:48","slug":"produits","status":"publish","type":"page","link":"https:\/\/hitechsol.it\/fr\/produits\/","title":{"rendered":"Produits"},"content":{"rendered":"\t\t<div data-elementor-type=\"wp-page\" data-elementor-id=\"5276\" class=\"elementor elementor-5276 elementor-444\" data-elementor-settings=\"[]\">\n\t\t\t\t\t\t\t<div class=\"elementor-section-wrap\">\n\t\t\t\t\t\t\t<section class=\"elementor-section elementor-top-section elementor-element elementor-element-265d29a elementor-section-boxed elementor-section-height-default elementor-section-height-default\" data-id=\"265d29a\" data-element_type=\"section\">\n\t\t\t\t\t\t<div class=\"elementor-container elementor-column-gap-default\">\n\t\t\t\t\t<div class=\"elementor-column elementor-col-100 elementor-top-column elementor-element elementor-element-6ec4251\" data-id=\"6ec4251\" data-element_type=\"column\">\n\t\t\t<div class=\"elementor-widget-wrap elementor-element-populated\">\n\t\t\t\t\t\t\t\t<div class=\"elementor-element elementor-element-5568d00 elementor-widget elementor-widget-html\" data-id=\"5568d00\" data-element_type=\"widget\" data-widget_type=\"html.default\">\n\t\t\t\t<div class=\"elementor-widget-container\">\n\t\t\t<style>\n    #Content {\n        min-height: 700px;\n    }\n    .select-wrapper {\n        display: flex;\n        align-items: center;\n    }\n    #soluzioni-select, #mezzi-select, #filtra {\n        margin:0;\n        margin-right: 5%;\n    }\n<\/style>\n<div class=\"select-wrapper\">\n<select id=\"soluzioni-select\" name=\"soluzioni-select\">\n    <option selected value=\"all\">tous<\/option>\n    <option value=\"pesatura\">Surveillance de la pes\u00e9e<\/option>\n    <option value=\"monitoraggio\">Monitorage et contr\u00f4le<\/option>\n    <option value=\"sicurezza\">S\u00e9curit\u00e9<\/option>\n<\/select>\n<select id=\"mezzi-select\" name=\"mezzi-select\">\n    <option selected value=\"all\">tous<\/option>\n    <option value=\"autobetoniere\">Camions malaxeurs<\/option>\n    <option value=\"autobetoniere_autocaricanti\">B\u00e9tonni\u00e8res autochargeuses<\/option>\n    <option value=\"gru\">Grue<\/option>\n    <option value=\"camere_climatiche\">Chambres climatiques<\/option>\n    <option value=\"wheel\">Chargeuse sur pneus<\/option>\n    <option value=\"trivelle\">Tari\u00e8res<\/option>\n    <option value=\"escavatori\">Pelles<\/option>\n    <option value=\"cingolati\">V\u00e9hicules \u00e0 chenilles<\/option>\n    <option value=\"miscelatori_calcestruzzo\">B\u00e9tonni\u00e8res<\/option>\n    <option value=\"raccolta_frutta\">Machines \u00e0 r\u00e9colter les fruits<\/option>\n    <option value=\"shelter\">Abri<\/option>\n<\/select>\n<button id=\"filtra\" type=\"button\" onclick=\"filterProducts()\">Filtre<\/button>\n<\/div>\n<script>\n    function filterProducts() {\n        const soluzioni = jQuery(\"#soluzioni-select\").val();\n        const mezzi = jQuery(\"#mezzi-select\").val();\n        const animationLength = 300;\n\n        jQuery('.item').each(function() {\n            jQuery(this).fadeOut(animationLength);\n        });\n        \n        setTimeout(() => {\n            jQuery('.item').each(function() {\n                if (\n                    (jQuery(this).hasClass(soluzioni) || soluzioni === 'all') &&\n                    (jQuery(this).hasClass(mezzi) || mezzi === 'all')) {\n                    jQuery(this).fadeIn(animationLength);\n                }\n            });\n        }, animationLength);\n    }\n<\/script>\t\t<\/div>\n\t\t\t\t<\/div>\n\t\t\t\t\t<\/div>\n\t\t<\/div>\n\t\t\t\t\t\t\t<\/div>\n\t\t<\/section>\n\t\t\t\t\t\t<\/div>\n\t\t\t\t\t<\/div>\n\t\t","protected":false},"excerpt":{"rendered":"<p>tousSurveillance de la pes\u00e9eMonitorage et contr\u00f4leS\u00e9curit\u00e9 tousCamions malaxeursB\u00e9tonni\u00e8res autochargeusesGrueChambres climatiquesChargeuse sur pneusTari\u00e8resPellesV\u00e9hicules \u00e0 chenillesB\u00e9tonni\u00e8resMachines \u00e0 r\u00e9colter les fruitsAbri Filtre<\/p>\n","protected":false},"author":1,"featured_media":0,"parent":0,"menu_order":0,"comment_status":"closed","ping_status":"closed","template":"","meta":{"footnotes":""},"class_list":["post-5276","page","type-page","status-publish","hentry"],"yoast_head":"<!-- This site is optimized with the Yoast SEO plugin v18.3 - https:\/\/yoast.com\/wordpress\/plugins\/seo\/ -->\n<title>Produits - Hi-Tech Solutions<\/title>\n<meta name=\"description\" content=\"Production et conception de produits hitech fabriqu\u00e9s en Italie, produits durables soutenus par un support technique\" \/>\n<meta name=\"robots\" content=\"index, follow, max-snippet:-1, max-image-preview:large, max-video-preview:-1\" \/>\n<link rel=\"canonical\" href=\"https:\/\/hitechsol.it\/fr\/produits\/\" \/>\n<meta property=\"og:locale\" content=\"fr_FR\" \/>\n<meta property=\"og:type\" content=\"article\" \/>\n<meta property=\"og:title\" content=\"Produits - Hi-Tech Solutions\" \/>\n<meta property=\"og:description\" content=\"Production et conception de produits hitech fabriqu\u00e9s en Italie, produits durables soutenus par un support technique\" \/>\n<meta property=\"og:url\" content=\"https:\/\/hitechsol.it\/fr\/produits\/\" \/>\n<meta property=\"og:site_name\" content=\"Hi-Tech Solutions\" \/>\n<meta property=\"article:modified_time\" content=\"2021-12-23T14:55:48+00:00\" \/>\n<meta name=\"twitter:card\" content=\"summary_large_image\" \/>\n<meta name=\"twitter:label1\" content=\"Dur\u00e9e de lecture estim\u00e9e\" \/>\n\t<meta name=\"twitter:data1\" content=\"1 minute\" \/>\n<script type=\"application\/ld+json\" class=\"yoast-schema-graph\">{\"@context\":\"https:\/\/schema.org\",\"@graph\":[{\"@type\":\"WebSite\",\"@id\":\"https:\/\/hitechsol.it\/#website\",\"url\":\"https:\/\/hitechsol.it\/\",\"name\":\"Hi-Tech Solutions\",\"description\":\"Progettazione e produzione di sistemi elettronici per mezzi di meccanica pesante\",\"potentialAction\":[{\"@type\":\"SearchAction\",\"target\":{\"@type\":\"EntryPoint\",\"urlTemplate\":\"https:\/\/hitechsol.it\/?s={search_term_string}\"},\"query-input\":\"required name=search_term_string\"}],\"inLanguage\":\"fr-FR\"},{\"@type\":\"WebPage\",\"@id\":\"https:\/\/hitechsol.it\/fr\/produits\/#webpage\",\"url\":\"https:\/\/hitechsol.it\/fr\/produits\/\",\"name\":\"Produits - Hi-Tech Solutions\",\"isPartOf\":{\"@id\":\"https:\/\/hitechsol.it\/#website\"},\"datePublished\":\"2021-12-22T14:47:18+00:00\",\"dateModified\":\"2021-12-23T14:55:48+00:00\",\"description\":\"Production et conception de produits hitech fabriqu\u00e9s en Italie, produits durables soutenus par un support technique\",\"breadcrumb\":{\"@id\":\"https:\/\/hitechsol.it\/fr\/produits\/#breadcrumb\"},\"inLanguage\":\"fr-FR\",\"potentialAction\":[{\"@type\":\"ReadAction\",\"target\":[\"https:\/\/hitechsol.it\/fr\/produits\/\"]}]},{\"@type\":\"BreadcrumbList\",\"@id\":\"https:\/\/hitechsol.it\/fr\/produits\/#breadcrumb\",\"itemListElement\":[{\"@type\":\"ListItem\",\"position\":1,\"name\":\"Home\",\"item\":\"https:\/\/hitechsol.it\/fr\/\"},{\"@type\":\"ListItem\",\"position\":2,\"name\":\"Produits\"}]}]}<\/script>\n<!-- \/ Yoast SEO plugin. -->","yoast_head_json":{"title":"Produits - Hi-Tech Solutions","description":"Production et conception de produits hitech fabriqu\u00e9s en Italie, produits durables soutenus par un support technique","robots":{"index":"index","follow":"follow","max-snippet":"max-snippet:-1","max-image-preview":"max-image-preview:large","max-video-preview":"max-video-preview:-1"},"canonical":"https:\/\/hitechsol.it\/fr\/produits\/","og_locale":"fr_FR","og_type":"article","og_title":"Produits - Hi-Tech Solutions","og_description":"Production et conception de produits hitech fabriqu\u00e9s en Italie, produits durables soutenus par un support technique","og_url":"https:\/\/hitechsol.it\/fr\/produits\/","og_site_name":"Hi-Tech Solutions","article_modified_time":"2021-12-23T14:55:48+00:00","twitter_card":"summary_large_image","twitter_misc":{"Dur\u00e9e de lecture estim\u00e9e":"1 minute"},"schema":{"@context":"https:\/\/schema.org","@graph":[{"@type":"WebSite","@id":"https:\/\/hitechsol.it\/#website","url":"https:\/\/hitechsol.it\/","name":"Hi-Tech Solutions","description":"Progettazione e produzione di sistemi elettronici per mezzi di meccanica pesante","potentialAction":[{"@type":"SearchAction","target":{"@type":"EntryPoint","urlTemplate":"https:\/\/hitechsol.it\/?s={search_term_string}"},"query-input":"required name=search_term_string"}],"inLanguage":"fr-FR"},{"@type":"WebPage","@id":"https:\/\/hitechsol.it\/fr\/produits\/#webpage","url":"https:\/\/hitechsol.it\/fr\/produits\/","name":"Produits - Hi-Tech Solutions","isPartOf":{"@id":"https:\/\/hitechsol.it\/#website"},"datePublished":"2021-12-22T14:47:18+00:00","dateModified":"2021-12-23T14:55:48+00:00","description":"Production et conception de produits hitech fabriqu\u00e9s en Italie, produits durables soutenus par un support technique","breadcrumb":{"@id":"https:\/\/hitechsol.it\/fr\/produits\/#breadcrumb"},"inLanguage":"fr-FR","potentialAction":[{"@type":"ReadAction","target":["https:\/\/hitechsol.it\/fr\/produits\/"]}]},{"@type":"BreadcrumbList","@id":"https:\/\/hitechsol.it\/fr\/produits\/#breadcrumb","itemListElement":[{"@type":"ListItem","position":1,"name":"Home","item":"https:\/\/hitechsol.it\/fr\/"},{"@type":"ListItem","position":2,"name":"Produits"}]}]}},"_links":{"self":[{"href":"https:\/\/hitechsol.it\/fr\/wp-json\/wp\/v2\/pages\/5276","targetHints":{"allow":["GET"]}}],"collection":[{"href":"https:\/\/hitechsol.it\/fr\/wp-json\/wp\/v2\/pages"}],"about":[{"href":"https:\/\/hitechsol.it\/fr\/wp-json\/wp\/v2\/types\/page"}],"author":[{"embeddable":true,"href":"https:\/\/hitechsol.it\/fr\/wp-json\/wp\/v2\/users\/1"}],"replies":[{"embeddable":true,"href":"https:\/\/hitechsol.it\/fr\/wp-json\/wp\/v2\/comments?post=5276"}],"version-history":[{"count":4,"href":"https:\/\/hitechsol.it\/fr\/wp-json\/wp\/v2\/pages\/5276\/revisions"}],"predecessor-version":[{"id":5861,"href":"https:\/\/hitechsol.it\/fr\/wp-json\/wp\/v2\/pages\/5276\/revisions\/5861"}],"wp:attachment":[{"href":"https:\/\/hitechsol.it\/fr\/wp-json\/wp\/v2\/media?parent=5276"}],"curies":[{"name":"wp","href":"https:\/\/api.w.org\/{rel}","templated":true}]}}