{"id":5032,"date":"2021-12-22T10:48:02","date_gmt":"2021-12-22T09:48:02","guid":{"rendered":"https:\/\/hitechsol.it\/qui-nous-sommes\/"},"modified":"2021-12-23T15:14:09","modified_gmt":"2021-12-23T14:14:09","slug":"qui-nous-sommes","status":"publish","type":"page","link":"https:\/\/hitechsol.it\/fr\/qui-nous-sommes\/","title":{"rendered":"Qui nous sommes"},"content":{"rendered":"\t\t<div data-elementor-type=\"wp-page\" data-elementor-id=\"5032\" class=\"elementor elementor-5032 elementor-437\" data-elementor-settings=\"[]\">\n\t\t\t\t\t\t\t<div class=\"elementor-section-wrap\">\n\t\t\t\t\t\t\t<section class=\"elementor-section elementor-top-section elementor-element elementor-element-b3e4ae1 elementor-section-boxed elementor-section-height-default elementor-section-height-default\" data-id=\"b3e4ae1\" data-element_type=\"section\">\n\t\t\t\t\t\t<div class=\"elementor-container elementor-column-gap-default\">\n\t\t\t\t\t<div class=\"elementor-column elementor-col-100 elementor-top-column elementor-element elementor-element-e52674a\" data-id=\"e52674a\" data-element_type=\"column\">\n\t\t\t<div class=\"elementor-widget-wrap\">\n\t\t\t\t\t\t\t\t\t<\/div>\n\t\t<\/div>\n\t\t\t\t\t\t\t<\/div>\n\t\t<\/section>\n\t\t\t\t<section class=\"elementor-section elementor-top-section elementor-element elementor-element-2d0e52b elementor-section-boxed elementor-section-height-default elementor-section-height-default\" data-id=\"2d0e52b\" data-element_type=\"section\">\n\t\t\t\t\t\t<div class=\"elementor-container elementor-column-gap-default\">\n\t\t\t\t\t<div class=\"elementor-column elementor-col-100 elementor-top-column elementor-element elementor-element-9d962c6\" data-id=\"9d962c6\" data-element_type=\"column\">\n\t\t\t<div class=\"elementor-widget-wrap elementor-element-populated\">\n\t\t\t\t\t\t\t\t<div class=\"elementor-element elementor-element-cd0898d elementor-widget elementor-widget-html\" data-id=\"cd0898d\" data-element_type=\"widget\" data-widget_type=\"html.default\">\n\t\t\t\t<div class=\"elementor-widget-container\">\n\t\t\t<style>.tilesWrap {\n\tpadding: 0;\n\tmargin: 50px auto !important;\n\tlist-style: none !important;\n\ttext-align: center;\n}\n.tilesWrap li {\n    display: inline-block;\n    width: 15%;\n    height: 280px;\n    min-width: 170px;\n    max-width: 230px;\n    padding: 80px 20px 40px;\n    position: relative;\n    vertical-align: top;\n    margin: 4px;\n        margin-bottom: 4px;\n    font-family: 'helvetica', san-serif;\n    min-height: 25vh;\n    background: #0391E3;\n    border: 1px solid #252727;\n    text-align: left;\n}\n.tilesWrap li h1 {\n\tfont-size: 114px;\n\tmargin: 0;\n\tposition: absolute;\n\topacity: 0.2;\n\ttop: 50px;\n\tright: 10px;\n\ttransition: all 0.3s ease-in-out;\n}\n.tilesWrap li h2 {\n\tfont-size: 20px;\n\tcolor: #b7b7b7;\n\tmargin-bottom: 5px;\n}\n.tilesWrap li h3 {\n\tfont-size: 25px;\n\tcolor: #b7b7b7;\n\tpadding-top: 30px;\n\tcolor: rgba(255,255,255,0.9);\n\tfont-weight: bold;\n\tline-height: 1.8rem;\n\ttext-align: center;\n}\n.tilesWrap li p {\n\tfont-size: 16px;\n\tline-height: 18px;\n\tcolor: #b7b7b7;\n\tmargin-top: 5px;\n}\n.tilesWrap li button {\n\tbackground: transparent;\n\tborder: 1px solid #b7b7b7;\n\tpadding: 10px 20px;\n\tcolor: #b7b7b7;\n\tborder-radius: 3px;\n\tposition: relative;\n\ttransition: all 0.3s ease-in-out;\n\ttransform: translateY(-40px);\n\topacity: 0;\n\tcursor: pointer;\n\toverflow: hidden;\n}\n.tilesWrap li button:before {\n\tcontent: '';\n\tposition: absolute;\n\theight: 100%;\n\twidth: 120%;\n\tbackground: #b7b7b7;\n\ttop: 0;\n\topacity: 0;\n\tleft: -140px;\n\tborder-radius: 0 20px 20px 0;\n\tz-index: -1;\n\ttransition: all 0.3s ease-in-out;\n\t\n}\n.tilesWrap li:hover button {\n\ttransform: translateY(5px);\n\topacity: 1;\n}\n.tilesWrap li button:hover {\n\tcolor: #262a2b;\n}\n.tilesWrap li button:hover:before {\n\tleft: 0;\n\topacity: 1;\n}\n\/*\n.tilesWrap li:hover h1 {\n\ttop: 0px;\n\topacity: 0.6;\n}\n*\/\n.tilesWrap li h1 {\n\ttop: 40px;\n\tleft: 42px;\n\topacity: 0.6;\n}\n.tilesWrap li {\n    border-top-left-radius: 30px;\n    border-top-right-radius: 30px;\n}\n\n.tilesWrap li:before {\n\tcontent: '';\n\tposition: absolute;\n\ttop: -2px;\n\tleft: -2px;\n\tright: -2px;\n\tbottom: -2px;\n\tz-index: -1;\n\tbackground: #fff;\n\ttransform: skew(2deg, 2deg);\n}\n.tilesWrap li:after {\n\tcontent: '';\n\tposition: absolute;\n\twidth: 40%;\n\theight: 100%;\n\tleft: 0;\n\ttop: 0;\n\tbackground: rgba(255, 255, 255, 0.02);\n}\n<\/style><ul class=\"tilesWrap\"><li><h1>01<\/h1><h2>\u00a0<\/h2><h3>\u00c9tude du cahier des charges<\/h3><\/li><li><h1>02<\/h1><h2>\u00a0<\/h2><h3>D\u00e9veloppement de prototypes<\/h3><\/li><li><h1>03<\/h1><h2>\u00a0<\/h2><h3>Essais sur le terrain<\/h3><\/li><li><h1>04<\/h1><h2>\u00a0<\/h2><h3>\u00c9valuation globale des r\u00e9sultats<\/h3><\/li><li><h1>05<\/h1><h2>\u00a0<\/h2><h3>Validation finale<\/h3><\/li><li><h1>06<\/h1><h2>\u00a0<\/h2><h3>Production<\/h3><\/li><\/ul>\t\t<\/div>\n\t\t\t\t<\/div>\n\t\t\t\t\t<\/div>\n\t\t<\/div>\n\t\t\t\t\t\t\t<\/div>\n\t\t<\/section>\n\t\t\t\t\t\t<\/div>\n\t\t\t\t\t<\/div>\n\t\t","protected":false},"excerpt":{"rendered":"<p>01 \u00a0 \u00c9tude du cahier des charges 02 \u00a0 D\u00e9veloppement de prototypes 03 \u00a0 Essais sur le terrain 04 \u00a0 \u00c9valuation globale des r\u00e9sultats 05 \u00a0<span class=\"excerpt-hellip\"> [\u2026]<\/span><\/p>\n","protected":false},"author":1,"featured_media":0,"parent":0,"menu_order":0,"comment_status":"closed","ping_status":"closed","template":"","meta":{"footnotes":""},"class_list":["post-5032","page","type-page","status-publish","hentry"],"yoast_head":"<!-- This site is optimized with the Yoast SEO plugin v18.3 - https:\/\/yoast.com\/wordpress\/plugins\/seo\/ -->\n<title>Qui nous sommes - Hi-Tech Solutions<\/title>\n<meta name=\"description\" content=\"Hi-Tech Solutions est hautement sp\u00e9cialis\u00e9e dans la conception et la fabrication des syst\u00e8mes \u00e9lectroniques informatis\u00e9s les plus avanc\u00e9s pour ...\" \/>\n<meta name=\"robots\" content=\"index, follow, max-snippet:-1, max-image-preview:large, max-video-preview:-1\" \/>\n<link rel=\"canonical\" href=\"https:\/\/hitechsol.it\/fr\/qui-nous-sommes\/\" \/>\n<meta property=\"og:locale\" content=\"fr_FR\" \/>\n<meta property=\"og:type\" content=\"article\" \/>\n<meta property=\"og:title\" content=\"Qui nous sommes - Hi-Tech Solutions\" \/>\n<meta property=\"og:description\" content=\"Hi-Tech Solutions est hautement sp\u00e9cialis\u00e9e dans la conception et la fabrication des syst\u00e8mes \u00e9lectroniques informatis\u00e9s les plus avanc\u00e9s pour ...\" \/>\n<meta property=\"og:url\" content=\"https:\/\/hitechsol.it\/fr\/qui-nous-sommes\/\" \/>\n<meta property=\"og:site_name\" content=\"Hi-Tech Solutions\" \/>\n<meta property=\"article:modified_time\" content=\"2021-12-23T14:14:09+00:00\" \/>\n<meta name=\"twitter:card\" content=\"summary_large_image\" \/>\n<script type=\"application\/ld+json\" class=\"yoast-schema-graph\">{\"@context\":\"https:\/\/schema.org\",\"@graph\":[{\"@type\":\"WebSite\",\"@id\":\"https:\/\/hitechsol.it\/#website\",\"url\":\"https:\/\/hitechsol.it\/\",\"name\":\"Hi-Tech Solutions\",\"description\":\"Progettazione e produzione di sistemi elettronici per mezzi di meccanica pesante\",\"potentialAction\":[{\"@type\":\"SearchAction\",\"target\":{\"@type\":\"EntryPoint\",\"urlTemplate\":\"https:\/\/hitechsol.it\/?s={search_term_string}\"},\"query-input\":\"required name=search_term_string\"}],\"inLanguage\":\"fr-FR\"},{\"@type\":\"WebPage\",\"@id\":\"https:\/\/hitechsol.it\/fr\/qui-nous-sommes\/#webpage\",\"url\":\"https:\/\/hitechsol.it\/fr\/qui-nous-sommes\/\",\"name\":\"Qui nous sommes - Hi-Tech Solutions\",\"isPartOf\":{\"@id\":\"https:\/\/hitechsol.it\/#website\"},\"datePublished\":\"2021-12-22T09:48:02+00:00\",\"dateModified\":\"2021-12-23T14:14:09+00:00\",\"description\":\"Hi-Tech Solutions est hautement sp\u00e9cialis\u00e9e dans la conception et la fabrication des syst\u00e8mes \u00e9lectroniques informatis\u00e9s les plus avanc\u00e9s pour ...\",\"breadcrumb\":{\"@id\":\"https:\/\/hitechsol.it\/fr\/qui-nous-sommes\/#breadcrumb\"},\"inLanguage\":\"fr-FR\",\"potentialAction\":[{\"@type\":\"ReadAction\",\"target\":[\"https:\/\/hitechsol.it\/fr\/qui-nous-sommes\/\"]}]},{\"@type\":\"BreadcrumbList\",\"@id\":\"https:\/\/hitechsol.it\/fr\/qui-nous-sommes\/#breadcrumb\",\"itemListElement\":[{\"@type\":\"ListItem\",\"position\":1,\"name\":\"Home\",\"item\":\"https:\/\/hitechsol.it\/fr\/\"},{\"@type\":\"ListItem\",\"position\":2,\"name\":\"Qui nous sommes\"}]}]}<\/script>\n<!-- \/ Yoast SEO plugin. -->","yoast_head_json":{"title":"Qui nous sommes - Hi-Tech Solutions","description":"Hi-Tech Solutions est hautement sp\u00e9cialis\u00e9e dans la conception et la fabrication des syst\u00e8mes \u00e9lectroniques informatis\u00e9s les plus avanc\u00e9s pour ...","robots":{"index":"index","follow":"follow","max-snippet":"max-snippet:-1","max-image-preview":"max-image-preview:large","max-video-preview":"max-video-preview:-1"},"canonical":"https:\/\/hitechsol.it\/fr\/qui-nous-sommes\/","og_locale":"fr_FR","og_type":"article","og_title":"Qui nous sommes - Hi-Tech Solutions","og_description":"Hi-Tech Solutions est hautement sp\u00e9cialis\u00e9e dans la conception et la fabrication des syst\u00e8mes \u00e9lectroniques informatis\u00e9s les plus avanc\u00e9s pour ...","og_url":"https:\/\/hitechsol.it\/fr\/qui-nous-sommes\/","og_site_name":"Hi-Tech Solutions","article_modified_time":"2021-12-23T14:14:09+00:00","twitter_card":"summary_large_image","schema":{"@context":"https:\/\/schema.org","@graph":[{"@type":"WebSite","@id":"https:\/\/hitechsol.it\/#website","url":"https:\/\/hitechsol.it\/","name":"Hi-Tech Solutions","description":"Progettazione e produzione di sistemi elettronici per mezzi di meccanica pesante","potentialAction":[{"@type":"SearchAction","target":{"@type":"EntryPoint","urlTemplate":"https:\/\/hitechsol.it\/?s={search_term_string}"},"query-input":"required name=search_term_string"}],"inLanguage":"fr-FR"},{"@type":"WebPage","@id":"https:\/\/hitechsol.it\/fr\/qui-nous-sommes\/#webpage","url":"https:\/\/hitechsol.it\/fr\/qui-nous-sommes\/","name":"Qui nous sommes - Hi-Tech Solutions","isPartOf":{"@id":"https:\/\/hitechsol.it\/#website"},"datePublished":"2021-12-22T09:48:02+00:00","dateModified":"2021-12-23T14:14:09+00:00","description":"Hi-Tech Solutions est hautement sp\u00e9cialis\u00e9e dans la conception et la fabrication des syst\u00e8mes \u00e9lectroniques informatis\u00e9s les plus avanc\u00e9s pour ...","breadcrumb":{"@id":"https:\/\/hitechsol.it\/fr\/qui-nous-sommes\/#breadcrumb"},"inLanguage":"fr-FR","potentialAction":[{"@type":"ReadAction","target":["https:\/\/hitechsol.it\/fr\/qui-nous-sommes\/"]}]},{"@type":"BreadcrumbList","@id":"https:\/\/hitechsol.it\/fr\/qui-nous-sommes\/#breadcrumb","itemListElement":[{"@type":"ListItem","position":1,"name":"Home","item":"https:\/\/hitechsol.it\/fr\/"},{"@type":"ListItem","position":2,"name":"Qui nous sommes"}]}]}},"_links":{"self":[{"href":"https:\/\/hitechsol.it\/fr\/wp-json\/wp\/v2\/pages\/5032","targetHints":{"allow":["GET"]}}],"collection":[{"href":"https:\/\/hitechsol.it\/fr\/wp-json\/wp\/v2\/pages"}],"about":[{"href":"https:\/\/hitechsol.it\/fr\/wp-json\/wp\/v2\/types\/page"}],"author":[{"embeddable":true,"href":"https:\/\/hitechsol.it\/fr\/wp-json\/wp\/v2\/users\/1"}],"replies":[{"embeddable":true,"href":"https:\/\/hitechsol.it\/fr\/wp-json\/wp\/v2\/comments?post=5032"}],"version-history":[{"count":3,"href":"https:\/\/hitechsol.it\/fr\/wp-json\/wp\/v2\/pages\/5032\/revisions"}],"predecessor-version":[{"id":5856,"href":"https:\/\/hitechsol.it\/fr\/wp-json\/wp\/v2\/pages\/5032\/revisions\/5856"}],"wp:attachment":[{"href":"https:\/\/hitechsol.it\/fr\/wp-json\/wp\/v2\/media?parent=5032"}],"curies":[{"name":"wp","href":"https:\/\/api.w.org\/{rel}","templated":true}]}}