{"id":5017,"date":"2021-12-22T10:46:45","date_gmt":"2021-12-22T09:46:45","guid":{"rendered":"https:\/\/hitechsol.it\/contributions-publiques-a-lobligation-de-transparence-des-entreprises-2020\/"},"modified":"2021-12-22T11:26:37","modified_gmt":"2021-12-22T10:26:37","slug":"contributions-publiques-a-lobligation-de-transparence-des-entreprises-2020","status":"publish","type":"page","link":"https:\/\/hitechsol.it\/fr\/contributions-publiques-a-lobligation-de-transparence-des-entreprises-2020\/","title":{"rendered":"Contributions publiques \u00e0 l&rsquo;obligation de transparence des entreprises 2020"},"content":{"rendered":"\n<h1 class=\"has-text-align-center wp-block-heading\"><strong>Ann\u00e9e 2020<\/strong><\/h1>\n\n<figure class=\"wp-block-table\"><table><tbody><tr><td class=\"has-text-align-center\" data-align=\"center\"><strong>Nom et code fiscal du destinataire<\/strong><\/td><td class=\"has-text-align-center\" data-align=\"center\"><strong>Nom et code fiscal du pr\u00eateur<\/strong><\/td><td class=\"has-text-align-center\" data-align=\"center\"><strong>Montant per\u00e7u (pour chaque relation juridique sous-jacente)<\/strong><\/td><td class=\"has-text-align-center\" data-align=\"center\"><strong>Date d&rsquo;attribution<\/strong><\/td><td class=\"has-text-align-center\" data-align=\"center\"><strong>Contribution causale<\/strong><\/td><\/tr><tr><td class=\"has-text-align-center\" data-align=\"center\">HI-TECH SOLUTIONS SRL 02281610549<\/td><td class=\"has-text-align-center\" data-align=\"center\">Agence r\u00e9gionale pour les politiques actives du travail &#8211; Arpal Umbria<\/td><td class=\"has-text-align-center\" data-align=\"center\">3 000,00 \u20ac<\/td><td class=\"has-text-align-center\" data-align=\"center\">9\/7\/2020<\/td><td class=\"has-text-align-center\" data-align=\"center\">Incitation au recrutement et formation continue<\/td><\/tr><tr><td class=\"has-text-align-center\" data-align=\"center\">HI-TECH SOLUTIONS SRL 022816110550<\/td><td class=\"has-text-align-center\" data-align=\"center\">Fonds de formation aux m\u00e9tiers d&rsquo;art<\/td><td class=\"has-text-align-center\" data-align=\"center\">3 900,00 \u20ac<\/td><td class=\"has-text-align-center\" data-align=\"center\">13\/7\/2020<\/td><td class=\"has-text-align-center\" data-align=\"center\">Formation continue &#8211; PROJETS OP\u00c9RATIONNELS (PS) &#8211; 49743<\/td><\/tr><tr><td class=\"has-text-align-center\" data-align=\"center\">HI-TECH SOLUTIONS SRL 02281610551<\/td><td class=\"has-text-align-center\" data-align=\"center\">R\u00e9gion Ombrie &#8211; Conseil r\u00e9gional<\/td><td class=\"has-text-align-center\" data-align=\"center\">1 155,20 \u20ac<\/td><td class=\"has-text-align-center\" data-align=\"center\">25\/8\/2020<\/td><td class=\"has-text-align-center\" data-align=\"center\">R\u00e9gime d&rsquo;aides \u00e0 l&rsquo;appui de projets complexes de recherche et d\u00e9veloppement conform\u00e9ment \u00e0 l&rsquo;art. 25 RGEC<\/td><\/tr><tr><td class=\"has-text-align-center\" data-align=\"center\">HI-TECH SOLUTIONS SRL 02281610552<\/td><td class=\"has-text-align-center\" data-align=\"center\">Banca del Mezzogiorno MedioCredito Centrale SpA<\/td><td class=\"has-text-align-center\" data-align=\"center\">14 166,42 \u20ac<\/td><td class=\"has-text-align-center\" data-align=\"center\">20\/11\/2020<\/td><td class=\"has-text-align-center\" data-align=\"center\">Fonds de garantie Loi 662\/96 &#8211; Garantie directe<\/td><\/tr><tr><td class=\"has-text-align-center\" data-align=\"center\">HI-TECH SOLUTIONS SRL 02281610553<\/td><td class=\"has-text-align-center\" data-align=\"center\">Banca del Mezzogiorno MedioCredito Centrale SpA<\/td><td class=\"has-text-align-center\" data-align=\"center\">\u20ac 4.455,85<\/td><td class=\"has-text-align-center\" data-align=\"center\">30\/11\/2020<\/td><td class=\"has-text-align-center\" data-align=\"center\">COVID-19 : Fonds de garantie PME State Aid SA. 56966 (2020 \/ N)<\/td><\/tr><\/tbody><\/table><\/figure>\n<div style=\"height:50px\" aria-hidden=\"true\" class=\"wp-block-spacer\"><\/div>\n","protected":false},"excerpt":{"rendered":"<p>Ann\u00e9e 2020 Nom et code fiscal du destinataire Nom et code fiscal du pr\u00eateur Montant per\u00e7u (pour chaque relation juridique sous-jacente) Date d&rsquo;attribution Contribution causale HI-TECH<span class=\"excerpt-hellip\"> [\u2026]<\/span><\/p>\n","protected":false},"author":2,"featured_media":0,"parent":0,"menu_order":0,"comment_status":"closed","ping_status":"closed","template":"","meta":{"footnotes":""},"class_list":["post-5017","page","type-page","status-publish","hentry"],"yoast_head":"<!-- This site is optimized with the Yoast SEO plugin v18.3 - https:\/\/yoast.com\/wordpress\/plugins\/seo\/ -->\n<title>Contributions publiques \u00e0 l&#039;obligation de transparence des entreprises 2020 - Hi-Tech Solutions<\/title>\n<meta name=\"robots\" content=\"index, follow, max-snippet:-1, max-image-preview:large, max-video-preview:-1\" \/>\n<link rel=\"canonical\" href=\"https:\/\/hitechsol.it\/fr\/contributions-publiques-a-lobligation-de-transparence-des-entreprises-2020\/\" \/>\n<meta property=\"og:locale\" content=\"fr_FR\" \/>\n<meta property=\"og:type\" content=\"article\" \/>\n<meta property=\"og:title\" content=\"Contributions publiques \u00e0 l&#039;obligation de transparence des entreprises 2020 - Hi-Tech Solutions\" \/>\n<meta property=\"og:description\" content=\"Ann\u00e9e 2020 Nom et code fiscal du destinataire Nom et code fiscal du pr\u00eateur Montant per\u00e7u (pour chaque relation juridique sous-jacente) Date d&rsquo;attribution Contribution causale HI-TECH [\u2026]\" \/>\n<meta property=\"og:url\" content=\"https:\/\/hitechsol.it\/fr\/contributions-publiques-a-lobligation-de-transparence-des-entreprises-2020\/\" \/>\n<meta property=\"og:site_name\" content=\"Hi-Tech Solutions\" \/>\n<meta property=\"article:modified_time\" content=\"2021-12-22T10:26:37+00:00\" \/>\n<meta name=\"twitter:card\" content=\"summary_large_image\" \/>\n<meta name=\"twitter:label1\" content=\"Dur\u00e9e de lecture estim\u00e9e\" \/>\n\t<meta name=\"twitter:data1\" content=\"1 minute\" \/>\n<script type=\"application\/ld+json\" class=\"yoast-schema-graph\">{\"@context\":\"https:\/\/schema.org\",\"@graph\":[{\"@type\":\"WebSite\",\"@id\":\"https:\/\/hitechsol.it\/#website\",\"url\":\"https:\/\/hitechsol.it\/\",\"name\":\"Hi-Tech Solutions\",\"description\":\"Progettazione e produzione di sistemi elettronici per mezzi di meccanica pesante\",\"potentialAction\":[{\"@type\":\"SearchAction\",\"target\":{\"@type\":\"EntryPoint\",\"urlTemplate\":\"https:\/\/hitechsol.it\/?s={search_term_string}\"},\"query-input\":\"required name=search_term_string\"}],\"inLanguage\":\"fr-FR\"},{\"@type\":\"WebPage\",\"@id\":\"https:\/\/hitechsol.it\/fr\/contributions-publiques-a-lobligation-de-transparence-des-entreprises-2020\/#webpage\",\"url\":\"https:\/\/hitechsol.it\/fr\/contributions-publiques-a-lobligation-de-transparence-des-entreprises-2020\/\",\"name\":\"Contributions publiques \u00e0 l'obligation de transparence des entreprises 2020 - Hi-Tech Solutions\",\"isPartOf\":{\"@id\":\"https:\/\/hitechsol.it\/#website\"},\"datePublished\":\"2021-12-22T09:46:45+00:00\",\"dateModified\":\"2021-12-22T10:26:37+00:00\",\"breadcrumb\":{\"@id\":\"https:\/\/hitechsol.it\/fr\/contributions-publiques-a-lobligation-de-transparence-des-entreprises-2020\/#breadcrumb\"},\"inLanguage\":\"fr-FR\",\"potentialAction\":[{\"@type\":\"ReadAction\",\"target\":[\"https:\/\/hitechsol.it\/fr\/contributions-publiques-a-lobligation-de-transparence-des-entreprises-2020\/\"]}]},{\"@type\":\"BreadcrumbList\",\"@id\":\"https:\/\/hitechsol.it\/fr\/contributions-publiques-a-lobligation-de-transparence-des-entreprises-2020\/#breadcrumb\",\"itemListElement\":[{\"@type\":\"ListItem\",\"position\":1,\"name\":\"Home\",\"item\":\"https:\/\/hitechsol.it\/fr\/\"},{\"@type\":\"ListItem\",\"position\":2,\"name\":\"Contributions publiques \u00e0 l&#8217;obligation de transparence des entreprises 2020\"}]}]}<\/script>\n<!-- \/ Yoast SEO plugin. -->","yoast_head_json":{"title":"Contributions publiques \u00e0 l'obligation de transparence des entreprises 2020 - Hi-Tech Solutions","robots":{"index":"index","follow":"follow","max-snippet":"max-snippet:-1","max-image-preview":"max-image-preview:large","max-video-preview":"max-video-preview:-1"},"canonical":"https:\/\/hitechsol.it\/fr\/contributions-publiques-a-lobligation-de-transparence-des-entreprises-2020\/","og_locale":"fr_FR","og_type":"article","og_title":"Contributions publiques \u00e0 l'obligation de transparence des entreprises 2020 - Hi-Tech Solutions","og_description":"Ann\u00e9e 2020 Nom et code fiscal du destinataire Nom et code fiscal du pr\u00eateur Montant per\u00e7u (pour chaque relation juridique sous-jacente) Date d&rsquo;attribution Contribution causale HI-TECH [\u2026]","og_url":"https:\/\/hitechsol.it\/fr\/contributions-publiques-a-lobligation-de-transparence-des-entreprises-2020\/","og_site_name":"Hi-Tech Solutions","article_modified_time":"2021-12-22T10:26:37+00:00","twitter_card":"summary_large_image","twitter_misc":{"Dur\u00e9e de lecture estim\u00e9e":"1 minute"},"schema":{"@context":"https:\/\/schema.org","@graph":[{"@type":"WebSite","@id":"https:\/\/hitechsol.it\/#website","url":"https:\/\/hitechsol.it\/","name":"Hi-Tech Solutions","description":"Progettazione e produzione di sistemi elettronici per mezzi di meccanica pesante","potentialAction":[{"@type":"SearchAction","target":{"@type":"EntryPoint","urlTemplate":"https:\/\/hitechsol.it\/?s={search_term_string}"},"query-input":"required name=search_term_string"}],"inLanguage":"fr-FR"},{"@type":"WebPage","@id":"https:\/\/hitechsol.it\/fr\/contributions-publiques-a-lobligation-de-transparence-des-entreprises-2020\/#webpage","url":"https:\/\/hitechsol.it\/fr\/contributions-publiques-a-lobligation-de-transparence-des-entreprises-2020\/","name":"Contributions publiques \u00e0 l'obligation de transparence des entreprises 2020 - Hi-Tech Solutions","isPartOf":{"@id":"https:\/\/hitechsol.it\/#website"},"datePublished":"2021-12-22T09:46:45+00:00","dateModified":"2021-12-22T10:26:37+00:00","breadcrumb":{"@id":"https:\/\/hitechsol.it\/fr\/contributions-publiques-a-lobligation-de-transparence-des-entreprises-2020\/#breadcrumb"},"inLanguage":"fr-FR","potentialAction":[{"@type":"ReadAction","target":["https:\/\/hitechsol.it\/fr\/contributions-publiques-a-lobligation-de-transparence-des-entreprises-2020\/"]}]},{"@type":"BreadcrumbList","@id":"https:\/\/hitechsol.it\/fr\/contributions-publiques-a-lobligation-de-transparence-des-entreprises-2020\/#breadcrumb","itemListElement":[{"@type":"ListItem","position":1,"name":"Home","item":"https:\/\/hitechsol.it\/fr\/"},{"@type":"ListItem","position":2,"name":"Contributions publiques \u00e0 l&#8217;obligation de transparence des entreprises 2020"}]}]}},"_links":{"self":[{"href":"https:\/\/hitechsol.it\/fr\/wp-json\/wp\/v2\/pages\/5017","targetHints":{"allow":["GET"]}}],"collection":[{"href":"https:\/\/hitechsol.it\/fr\/wp-json\/wp\/v2\/pages"}],"about":[{"href":"https:\/\/hitechsol.it\/fr\/wp-json\/wp\/v2\/types\/page"}],"author":[{"embeddable":true,"href":"https:\/\/hitechsol.it\/fr\/wp-json\/wp\/v2\/users\/2"}],"replies":[{"embeddable":true,"href":"https:\/\/hitechsol.it\/fr\/wp-json\/wp\/v2\/comments?post=5017"}],"version-history":[{"count":7,"href":"https:\/\/hitechsol.it\/fr\/wp-json\/wp\/v2\/pages\/5017\/revisions"}],"predecessor-version":[{"id":5081,"href":"https:\/\/hitechsol.it\/fr\/wp-json\/wp\/v2\/pages\/5017\/revisions\/5081"}],"wp:attachment":[{"href":"https:\/\/hitechsol.it\/fr\/wp-json\/wp\/v2\/media?parent=5017"}],"curies":[{"name":"wp","href":"https:\/\/api.w.org\/{rel}","templated":true}]}}