{"id":5753,"date":"2021-12-22T22:15:58","date_gmt":"2021-12-22T21:15:58","guid":{"rendered":"https:\/\/hitechsol.it\/abrigo\/"},"modified":"2021-12-24T09:12:24","modified_gmt":"2021-12-24T08:12:24","slug":"abrigo","status":"publish","type":"page","link":"https:\/\/hitechsol.it\/es\/monitorear-y-controlar\/abrigo\/","title":{"rendered":"Abrigo"},"content":{"rendered":"","protected":false},"excerpt":{"rendered":"","protected":false},"author":1,"featured_media":0,"parent":5718,"menu_order":0,"comment_status":"closed","ping_status":"closed","template":"","meta":{"footnotes":""},"class_list":["post-5753","page","type-page","status-publish","hentry"],"yoast_head":"<!-- This site is optimized with the Yoast SEO plugin v18.3 - https:\/\/yoast.com\/wordpress\/plugins\/seo\/ -->\n<title>Abrigo - Hi-Tech Solutions<\/title>\n<meta name=\"description\" content=\"Los refugios para contenedores son compartimentos t\u00e9cnicos m\u00f3viles robustos y aislados, adecuados para albergar cualquier sistema electr\u00f3nico o mec\u00e1nico.\" \/>\n<meta name=\"robots\" content=\"index, follow, max-snippet:-1, max-image-preview:large, max-video-preview:-1\" \/>\n<link rel=\"canonical\" href=\"https:\/\/hitechsol.it\/es\/monitorear-y-controlar\/abrigo\/\" \/>\n<meta property=\"og:locale\" content=\"es_ES\" \/>\n<meta property=\"og:type\" content=\"article\" \/>\n<meta property=\"og:title\" content=\"Abrigo - Hi-Tech Solutions\" \/>\n<meta property=\"og:description\" content=\"Los refugios para contenedores son compartimentos t\u00e9cnicos m\u00f3viles robustos y aislados, adecuados para albergar cualquier sistema electr\u00f3nico o mec\u00e1nico.\" \/>\n<meta property=\"og:url\" content=\"https:\/\/hitechsol.it\/es\/monitorear-y-controlar\/abrigo\/\" \/>\n<meta property=\"og:site_name\" content=\"Hi-Tech Solutions\" \/>\n<meta property=\"article:modified_time\" content=\"2021-12-24T08:12:24+00:00\" \/>\n<meta name=\"twitter:card\" content=\"summary_large_image\" \/>\n<script type=\"application\/ld+json\" class=\"yoast-schema-graph\">{\"@context\":\"https:\/\/schema.org\",\"@graph\":[{\"@type\":\"WebSite\",\"@id\":\"https:\/\/hitechsol.it\/#website\",\"url\":\"https:\/\/hitechsol.it\/\",\"name\":\"Hi-Tech Solutions\",\"description\":\"Progettazione e produzione di sistemi elettronici per mezzi di meccanica pesante\",\"potentialAction\":[{\"@type\":\"SearchAction\",\"target\":{\"@type\":\"EntryPoint\",\"urlTemplate\":\"https:\/\/hitechsol.it\/?s={search_term_string}\"},\"query-input\":\"required name=search_term_string\"}],\"inLanguage\":\"es\"},{\"@type\":\"WebPage\",\"@id\":\"https:\/\/hitechsol.it\/es\/monitorear-y-controlar\/abrigo\/#webpage\",\"url\":\"https:\/\/hitechsol.it\/es\/monitorear-y-controlar\/abrigo\/\",\"name\":\"Abrigo - Hi-Tech Solutions\",\"isPartOf\":{\"@id\":\"https:\/\/hitechsol.it\/#website\"},\"datePublished\":\"2021-12-22T21:15:58+00:00\",\"dateModified\":\"2021-12-24T08:12:24+00:00\",\"description\":\"Los refugios para contenedores son compartimentos t\u00e9cnicos m\u00f3viles robustos y aislados, adecuados para albergar cualquier sistema electr\u00f3nico o mec\u00e1nico.\",\"breadcrumb\":{\"@id\":\"https:\/\/hitechsol.it\/es\/monitorear-y-controlar\/abrigo\/#breadcrumb\"},\"inLanguage\":\"es\",\"potentialAction\":[{\"@type\":\"ReadAction\",\"target\":[\"https:\/\/hitechsol.it\/es\/monitorear-y-controlar\/abrigo\/\"]}]},{\"@type\":\"BreadcrumbList\",\"@id\":\"https:\/\/hitechsol.it\/es\/monitorear-y-controlar\/abrigo\/#breadcrumb\",\"itemListElement\":[{\"@type\":\"ListItem\",\"position\":1,\"name\":\"Home\",\"item\":\"https:\/\/hitechsol.it\/es\/\"},{\"@type\":\"ListItem\",\"position\":2,\"name\":\"Monitorear y controlar\",\"item\":\"https:\/\/hitechsol.it\/es\/?page_id=5718\"},{\"@type\":\"ListItem\",\"position\":3,\"name\":\"Abrigo\"}]}]}<\/script>\n<!-- \/ Yoast SEO plugin. -->","yoast_head_json":{"title":"Abrigo - Hi-Tech Solutions","description":"Los refugios para contenedores son compartimentos t\u00e9cnicos m\u00f3viles robustos y aislados, adecuados para albergar cualquier sistema electr\u00f3nico o mec\u00e1nico.","robots":{"index":"index","follow":"follow","max-snippet":"max-snippet:-1","max-image-preview":"max-image-preview:large","max-video-preview":"max-video-preview:-1"},"canonical":"https:\/\/hitechsol.it\/es\/monitorear-y-controlar\/abrigo\/","og_locale":"es_ES","og_type":"article","og_title":"Abrigo - Hi-Tech Solutions","og_description":"Los refugios para contenedores son compartimentos t\u00e9cnicos m\u00f3viles robustos y aislados, adecuados para albergar cualquier sistema electr\u00f3nico o mec\u00e1nico.","og_url":"https:\/\/hitechsol.it\/es\/monitorear-y-controlar\/abrigo\/","og_site_name":"Hi-Tech Solutions","article_modified_time":"2021-12-24T08:12:24+00:00","twitter_card":"summary_large_image","schema":{"@context":"https:\/\/schema.org","@graph":[{"@type":"WebSite","@id":"https:\/\/hitechsol.it\/#website","url":"https:\/\/hitechsol.it\/","name":"Hi-Tech Solutions","description":"Progettazione e produzione di sistemi elettronici per mezzi di meccanica pesante","potentialAction":[{"@type":"SearchAction","target":{"@type":"EntryPoint","urlTemplate":"https:\/\/hitechsol.it\/?s={search_term_string}"},"query-input":"required name=search_term_string"}],"inLanguage":"es"},{"@type":"WebPage","@id":"https:\/\/hitechsol.it\/es\/monitorear-y-controlar\/abrigo\/#webpage","url":"https:\/\/hitechsol.it\/es\/monitorear-y-controlar\/abrigo\/","name":"Abrigo - Hi-Tech Solutions","isPartOf":{"@id":"https:\/\/hitechsol.it\/#website"},"datePublished":"2021-12-22T21:15:58+00:00","dateModified":"2021-12-24T08:12:24+00:00","description":"Los refugios para contenedores son compartimentos t\u00e9cnicos m\u00f3viles robustos y aislados, adecuados para albergar cualquier sistema electr\u00f3nico o mec\u00e1nico.","breadcrumb":{"@id":"https:\/\/hitechsol.it\/es\/monitorear-y-controlar\/abrigo\/#breadcrumb"},"inLanguage":"es","potentialAction":[{"@type":"ReadAction","target":["https:\/\/hitechsol.it\/es\/monitorear-y-controlar\/abrigo\/"]}]},{"@type":"BreadcrumbList","@id":"https:\/\/hitechsol.it\/es\/monitorear-y-controlar\/abrigo\/#breadcrumb","itemListElement":[{"@type":"ListItem","position":1,"name":"Home","item":"https:\/\/hitechsol.it\/es\/"},{"@type":"ListItem","position":2,"name":"Monitorear y controlar","item":"https:\/\/hitechsol.it\/es\/?page_id=5718"},{"@type":"ListItem","position":3,"name":"Abrigo"}]}]}},"_links":{"self":[{"href":"https:\/\/hitechsol.it\/es\/wp-json\/wp\/v2\/pages\/5753","targetHints":{"allow":["GET"]}}],"collection":[{"href":"https:\/\/hitechsol.it\/es\/wp-json\/wp\/v2\/pages"}],"about":[{"href":"https:\/\/hitechsol.it\/es\/wp-json\/wp\/v2\/types\/page"}],"author":[{"embeddable":true,"href":"https:\/\/hitechsol.it\/es\/wp-json\/wp\/v2\/users\/1"}],"replies":[{"embeddable":true,"href":"https:\/\/hitechsol.it\/es\/wp-json\/wp\/v2\/comments?post=5753"}],"version-history":[{"count":1,"href":"https:\/\/hitechsol.it\/es\/wp-json\/wp\/v2\/pages\/5753\/revisions"}],"predecessor-version":[{"id":5953,"href":"https:\/\/hitechsol.it\/es\/wp-json\/wp\/v2\/pages\/5753\/revisions\/5953"}],"up":[{"embeddable":true,"href":"https:\/\/hitechsol.it\/es\/wp-json\/wp\/v2\/pages\/5718"}],"wp:attachment":[{"href":"https:\/\/hitechsol.it\/es\/wp-json\/wp\/v2\/media?parent=5753"}],"curies":[{"name":"wp","href":"https:\/\/api.w.org\/{rel}","templated":true}]}}