{"id":5726,"date":"2021-12-22T22:11:08","date_gmt":"2021-12-22T21:11:08","guid":{"rendered":"https:\/\/hitechsol.it\/camaras-climaticas\/"},"modified":"2021-12-24T09:13:02","modified_gmt":"2021-12-24T08:13:02","slug":"camaras-climaticas","status":"publish","type":"page","link":"https:\/\/hitechsol.it\/es\/monitorear-y-controlar\/camaras-climaticas\/","title":{"rendered":"C\u00e1maras clim\u00e1ticas"},"content":{"rendered":"","protected":false},"excerpt":{"rendered":"","protected":false},"author":1,"featured_media":0,"parent":5718,"menu_order":0,"comment_status":"closed","ping_status":"closed","template":"","meta":{"footnotes":""},"class_list":["post-5726","page","type-page","status-publish","hentry"],"yoast_head":"<!-- This site is optimized with the Yoast SEO plugin v18.3 - https:\/\/yoast.com\/wordpress\/plugins\/seo\/ -->\n<title>C\u00e1maras clim\u00e1ticas - Hi-Tech Solutions<\/title>\n<meta name=\"description\" content=\"El sistema permite controlar la temperatura de humedad relativa de una c\u00e1mara clim\u00e1tica, permitiendo flexibilidad y versatilidad durante ...\" \/>\n<meta name=\"robots\" content=\"index, follow, max-snippet:-1, max-image-preview:large, max-video-preview:-1\" \/>\n<link rel=\"canonical\" href=\"https:\/\/hitechsol.it\/es\/monitorear-y-controlar\/camaras-climaticas\/\" \/>\n<meta property=\"og:locale\" content=\"es_ES\" \/>\n<meta property=\"og:type\" content=\"article\" \/>\n<meta property=\"og:title\" content=\"C\u00e1maras clim\u00e1ticas - Hi-Tech Solutions\" \/>\n<meta property=\"og:description\" content=\"El sistema permite controlar la temperatura de humedad relativa de una c\u00e1mara clim\u00e1tica, permitiendo flexibilidad y versatilidad durante ...\" \/>\n<meta property=\"og:url\" content=\"https:\/\/hitechsol.it\/es\/monitorear-y-controlar\/camaras-climaticas\/\" \/>\n<meta property=\"og:site_name\" content=\"Hi-Tech Solutions\" \/>\n<meta property=\"article:modified_time\" content=\"2021-12-24T08:13:02+00:00\" \/>\n<meta name=\"twitter:card\" content=\"summary_large_image\" \/>\n<script type=\"application\/ld+json\" class=\"yoast-schema-graph\">{\"@context\":\"https:\/\/schema.org\",\"@graph\":[{\"@type\":\"WebSite\",\"@id\":\"https:\/\/hitechsol.it\/#website\",\"url\":\"https:\/\/hitechsol.it\/\",\"name\":\"Hi-Tech Solutions\",\"description\":\"Progettazione e produzione di sistemi elettronici per mezzi di meccanica pesante\",\"potentialAction\":[{\"@type\":\"SearchAction\",\"target\":{\"@type\":\"EntryPoint\",\"urlTemplate\":\"https:\/\/hitechsol.it\/?s={search_term_string}\"},\"query-input\":\"required name=search_term_string\"}],\"inLanguage\":\"es\"},{\"@type\":\"WebPage\",\"@id\":\"https:\/\/hitechsol.it\/es\/monitorear-y-controlar\/camaras-climaticas\/#webpage\",\"url\":\"https:\/\/hitechsol.it\/es\/monitorear-y-controlar\/camaras-climaticas\/\",\"name\":\"C\u00e1maras clim\u00e1ticas - Hi-Tech Solutions\",\"isPartOf\":{\"@id\":\"https:\/\/hitechsol.it\/#website\"},\"datePublished\":\"2021-12-22T21:11:08+00:00\",\"dateModified\":\"2021-12-24T08:13:02+00:00\",\"description\":\"El sistema permite controlar la temperatura de humedad relativa de una c\u00e1mara clim\u00e1tica, permitiendo flexibilidad y versatilidad durante ...\",\"breadcrumb\":{\"@id\":\"https:\/\/hitechsol.it\/es\/monitorear-y-controlar\/camaras-climaticas\/#breadcrumb\"},\"inLanguage\":\"es\",\"potentialAction\":[{\"@type\":\"ReadAction\",\"target\":[\"https:\/\/hitechsol.it\/es\/monitorear-y-controlar\/camaras-climaticas\/\"]}]},{\"@type\":\"BreadcrumbList\",\"@id\":\"https:\/\/hitechsol.it\/es\/monitorear-y-controlar\/camaras-climaticas\/#breadcrumb\",\"itemListElement\":[{\"@type\":\"ListItem\",\"position\":1,\"name\":\"Home\",\"item\":\"https:\/\/hitechsol.it\/es\/\"},{\"@type\":\"ListItem\",\"position\":2,\"name\":\"Monitorear y controlar\",\"item\":\"https:\/\/hitechsol.it\/es\/?page_id=5718\"},{\"@type\":\"ListItem\",\"position\":3,\"name\":\"C\u00e1maras clim\u00e1ticas\"}]}]}<\/script>\n<!-- \/ Yoast SEO plugin. -->","yoast_head_json":{"title":"C\u00e1maras clim\u00e1ticas - Hi-Tech Solutions","description":"El sistema permite controlar la temperatura de humedad relativa de una c\u00e1mara clim\u00e1tica, permitiendo flexibilidad y versatilidad durante ...","robots":{"index":"index","follow":"follow","max-snippet":"max-snippet:-1","max-image-preview":"max-image-preview:large","max-video-preview":"max-video-preview:-1"},"canonical":"https:\/\/hitechsol.it\/es\/monitorear-y-controlar\/camaras-climaticas\/","og_locale":"es_ES","og_type":"article","og_title":"C\u00e1maras clim\u00e1ticas - Hi-Tech Solutions","og_description":"El sistema permite controlar la temperatura de humedad relativa de una c\u00e1mara clim\u00e1tica, permitiendo flexibilidad y versatilidad durante ...","og_url":"https:\/\/hitechsol.it\/es\/monitorear-y-controlar\/camaras-climaticas\/","og_site_name":"Hi-Tech Solutions","article_modified_time":"2021-12-24T08:13:02+00:00","twitter_card":"summary_large_image","schema":{"@context":"https:\/\/schema.org","@graph":[{"@type":"WebSite","@id":"https:\/\/hitechsol.it\/#website","url":"https:\/\/hitechsol.it\/","name":"Hi-Tech Solutions","description":"Progettazione e produzione di sistemi elettronici per mezzi di meccanica pesante","potentialAction":[{"@type":"SearchAction","target":{"@type":"EntryPoint","urlTemplate":"https:\/\/hitechsol.it\/?s={search_term_string}"},"query-input":"required name=search_term_string"}],"inLanguage":"es"},{"@type":"WebPage","@id":"https:\/\/hitechsol.it\/es\/monitorear-y-controlar\/camaras-climaticas\/#webpage","url":"https:\/\/hitechsol.it\/es\/monitorear-y-controlar\/camaras-climaticas\/","name":"C\u00e1maras clim\u00e1ticas - Hi-Tech Solutions","isPartOf":{"@id":"https:\/\/hitechsol.it\/#website"},"datePublished":"2021-12-22T21:11:08+00:00","dateModified":"2021-12-24T08:13:02+00:00","description":"El sistema permite controlar la temperatura de humedad relativa de una c\u00e1mara clim\u00e1tica, permitiendo flexibilidad y versatilidad durante ...","breadcrumb":{"@id":"https:\/\/hitechsol.it\/es\/monitorear-y-controlar\/camaras-climaticas\/#breadcrumb"},"inLanguage":"es","potentialAction":[{"@type":"ReadAction","target":["https:\/\/hitechsol.it\/es\/monitorear-y-controlar\/camaras-climaticas\/"]}]},{"@type":"BreadcrumbList","@id":"https:\/\/hitechsol.it\/es\/monitorear-y-controlar\/camaras-climaticas\/#breadcrumb","itemListElement":[{"@type":"ListItem","position":1,"name":"Home","item":"https:\/\/hitechsol.it\/es\/"},{"@type":"ListItem","position":2,"name":"Monitorear y controlar","item":"https:\/\/hitechsol.it\/es\/?page_id=5718"},{"@type":"ListItem","position":3,"name":"C\u00e1maras clim\u00e1ticas"}]}]}},"_links":{"self":[{"href":"https:\/\/hitechsol.it\/es\/wp-json\/wp\/v2\/pages\/5726","targetHints":{"allow":["GET"]}}],"collection":[{"href":"https:\/\/hitechsol.it\/es\/wp-json\/wp\/v2\/pages"}],"about":[{"href":"https:\/\/hitechsol.it\/es\/wp-json\/wp\/v2\/types\/page"}],"author":[{"embeddable":true,"href":"https:\/\/hitechsol.it\/es\/wp-json\/wp\/v2\/users\/1"}],"replies":[{"embeddable":true,"href":"https:\/\/hitechsol.it\/es\/wp-json\/wp\/v2\/comments?post=5726"}],"version-history":[{"count":1,"href":"https:\/\/hitechsol.it\/es\/wp-json\/wp\/v2\/pages\/5726\/revisions"}],"predecessor-version":[{"id":5954,"href":"https:\/\/hitechsol.it\/es\/wp-json\/wp\/v2\/pages\/5726\/revisions\/5954"}],"up":[{"embeddable":true,"href":"https:\/\/hitechsol.it\/es\/wp-json\/wp\/v2\/pages\/5718"}],"wp:attachment":[{"href":"https:\/\/hitechsol.it\/es\/wp-json\/wp\/v2\/media?parent=5726"}],"curies":[{"name":"wp","href":"https:\/\/api.w.org\/{rel}","templated":true}]}}