{"id":5021,"date":"2021-12-22T10:47:56","date_gmt":"2021-12-22T09:47:56","guid":{"rendered":"https:\/\/hitechsol.it\/quienes-somos\/"},"modified":"2022-04-29T15:09:15","modified_gmt":"2022-04-29T13:09:15","slug":"quienes-somos","status":"publish","type":"page","link":"https:\/\/hitechsol.it\/es\/quienes-somos\/","title":{"rendered":"Quienes somos"},"content":{"rendered":"\t\t<div data-elementor-type=\"wp-page\" data-elementor-id=\"5021\" class=\"elementor elementor-5021 elementor-437\" data-elementor-settings=\"[]\">\n\t\t\t\t\t\t\t<div class=\"elementor-section-wrap\">\n\t\t\t\t\t\t\t<section class=\"elementor-section elementor-top-section elementor-element elementor-element-b3e4ae1 elementor-section-boxed elementor-section-height-default elementor-section-height-default\" data-id=\"b3e4ae1\" data-element_type=\"section\">\n\t\t\t\t\t\t<div class=\"elementor-container elementor-column-gap-default\">\n\t\t\t\t\t<div class=\"elementor-column elementor-col-100 elementor-top-column elementor-element elementor-element-e52674a\" data-id=\"e52674a\" data-element_type=\"column\">\n\t\t\t<div class=\"elementor-widget-wrap\">\n\t\t\t\t\t\t\t\t\t<\/div>\n\t\t<\/div>\n\t\t\t\t\t\t\t<\/div>\n\t\t<\/section>\n\t\t\t\t<section class=\"elementor-section elementor-top-section elementor-element elementor-element-2d0e52b elementor-section-boxed elementor-section-height-default elementor-section-height-default\" data-id=\"2d0e52b\" data-element_type=\"section\">\n\t\t\t\t\t\t<div class=\"elementor-container elementor-column-gap-default\">\n\t\t\t\t\t<div class=\"elementor-column elementor-col-100 elementor-top-column elementor-element elementor-element-9d962c6\" data-id=\"9d962c6\" data-element_type=\"column\">\n\t\t\t<div class=\"elementor-widget-wrap elementor-element-populated\">\n\t\t\t\t\t\t\t\t<div class=\"elementor-element elementor-element-cd0898d elementor-widget elementor-widget-html\" data-id=\"cd0898d\" data-element_type=\"widget\" data-widget_type=\"html.default\">\n\t\t\t\t<div class=\"elementor-widget-container\">\n\t\t\t<style>.tilesWrap {\n\tpadding: 0;\n\tmargin: 50px auto !important;\n\tlist-style: none !important;\n\ttext-align: center;\n}\n.tilesWrap li {\n    display: inline-block;\n    width: 15%;\n    height: 280px;\n    min-width: 170px;\n    max-width: 230px;\n    padding: 80px 20px 40px;\n    position: relative;\n    vertical-align: top;\n    margin: 4px;\n        margin-bottom: 4px;\n    font-family: 'helvetica', san-serif;\n    min-height: 25vh;\n    background: #0391E3;\n    border: 1px solid #252727;\n    text-align: left;\n}\n.tilesWrap li h1 {\n\tfont-size: 114px;\n\tmargin: 0;\n\tposition: absolute;\n\topacity: 0.2;\n\ttop: 50px;\n\tright: 10px;\n\ttransition: all 0.3s ease-in-out;\n}\n.tilesWrap li h2 {\n\tfont-size: 20px;\n\tcolor: #b7b7b7;\n\tmargin-bottom: 5px;\n}\n.tilesWrap li h3 {\n\tfont-size: 25px;\n\tcolor: #b7b7b7;\n\tpadding-top: 30px;\n\tcolor: rgba(255,255,255,0.9);\n\tfont-weight: bold;\n\tline-height: 1.8rem;\n\ttext-align: center;\n}\n.tilesWrap li p {\n\tfont-size: 16px;\n\tline-height: 18px;\n\tcolor: #b7b7b7;\n\tmargin-top: 5px;\n}\n.tilesWrap li button {\n\tbackground: transparent;\n\tborder: 1px solid #b7b7b7;\n\tpadding: 10px 20px;\n\tcolor: #b7b7b7;\n\tborder-radius: 3px;\n\tposition: relative;\n\ttransition: all 0.3s ease-in-out;\n\ttransform: translateY(-40px);\n\topacity: 0;\n\tcursor: pointer;\n\toverflow: hidden;\n}\n.tilesWrap li button:before {\n\tcontent: '';\n\tposition: absolute;\n\theight: 100%;\n\twidth: 120%;\n\tbackground: #b7b7b7;\n\ttop: 0;\n\topacity: 0;\n\tleft: -140px;\n\tborder-radius: 0 20px 20px 0;\n\tz-index: -1;\n\ttransition: all 0.3s ease-in-out;\n\t\n}\n.tilesWrap li:hover button {\n\ttransform: translateY(5px);\n\topacity: 1;\n}\n.tilesWrap li button:hover {\n\tcolor: #262a2b;\n}\n.tilesWrap li button:hover:before {\n\tleft: 0;\n\topacity: 1;\n}\n\/*\n.tilesWrap li:hover h1 {\n\ttop: 0px;\n\topacity: 0.6;\n}\n*\/\n.tilesWrap li h1 {\n\ttop: 40px;\n\tleft: 42px;\n\topacity: 0.6;\n}\n.tilesWrap li {\n    border-top-left-radius: 30px;\n    border-top-right-radius: 30px;\n}\n\n.tilesWrap li:before {\n\tcontent: '';\n\tposition: absolute;\n\ttop: -2px;\n\tleft: -2px;\n\tright: -2px;\n\tbottom: -2px;\n\tz-index: -1;\n\tbackground: #fff;\n\ttransform: skew(2deg, 2deg);\n}\n.tilesWrap li:after {\n\tcontent: '';\n\tposition: absolute;\n\twidth: 40%;\n\theight: 100%;\n\tleft: 0;\n\ttop: 0;\n\tbackground: rgba(255, 255, 255, 0.02);\n}\n<\/style><ul class=\"tilesWrap\"><li><h1>01<\/h1><h2>&nbsp;<\/h2><h3>Studio delle specifiche<\/h3><\/li><li><h1>02<\/h1><h2>&nbsp;<\/h2><h3>Realizzazione del prototipo<\/h3><\/li><li><h1>03<\/h1><h2>&nbsp;<\/h2><h3>Prove sul campo<\/h3><\/li><li><h1>04<\/h1><h2>&nbsp;<\/h2><h3>Valutazione globale dei risultati<\/h3><\/li><li><h1>05<\/h1><h2>&nbsp;<\/h2><h3>Validazione finale<\/h3><\/li><li><h1>06<\/h1><h2>&nbsp;<\/h2><h3>Produzione<\/h3><\/li><\/ul>\t\t<\/div>\n\t\t\t\t<\/div>\n\t\t\t\t\t<\/div>\n\t\t<\/div>\n\t\t\t\t\t\t\t<\/div>\n\t\t<\/section>\n\t\t\t\t\t\t<\/div>\n\t\t\t\t\t<\/div>\n\t\t","protected":false},"excerpt":{"rendered":"<p>01 &nbsp; Studio delle specifiche 02 &nbsp; Realizzazione del prototipo 03 &nbsp; Prove sul campo 04 &nbsp; Valutazione globale dei risultati 05 &nbsp; Validazione finale 06<span class=\"excerpt-hellip\"> [\u2026]<\/span><\/p>\n","protected":false},"author":1,"featured_media":0,"parent":0,"menu_order":0,"comment_status":"closed","ping_status":"closed","template":"","meta":{"footnotes":""},"class_list":["post-5021","page","type-page","status-publish","hentry"],"yoast_head":"<!-- This site is optimized with the Yoast SEO plugin v18.3 - https:\/\/yoast.com\/wordpress\/plugins\/seo\/ -->\n<title>Quienes somos - Hi-Tech Solutions<\/title>\n<meta name=\"description\" content=\"Hi-Tech Solutions est\u00e1 altamente especializada en el dise\u00f1o y fabricaci\u00f3n de los sistemas electr\u00f3nicos computarizados m\u00e1s avanzados para ...\" \/>\n<meta name=\"robots\" content=\"index, follow, max-snippet:-1, max-image-preview:large, max-video-preview:-1\" \/>\n<link rel=\"canonical\" href=\"https:\/\/hitechsol.it\/es\/quienes-somos\/\" \/>\n<meta property=\"og:locale\" content=\"es_ES\" \/>\n<meta property=\"og:type\" content=\"article\" \/>\n<meta property=\"og:title\" content=\"Quienes somos - Hi-Tech Solutions\" \/>\n<meta property=\"og:description\" content=\"Hi-Tech Solutions est\u00e1 altamente especializada en el dise\u00f1o y fabricaci\u00f3n de los sistemas electr\u00f3nicos computarizados m\u00e1s avanzados para ...\" \/>\n<meta property=\"og:url\" content=\"https:\/\/hitechsol.it\/es\/quienes-somos\/\" \/>\n<meta property=\"og:site_name\" content=\"Hi-Tech Solutions\" \/>\n<meta property=\"article:modified_time\" content=\"2022-04-29T13:09:15+00:00\" \/>\n<meta name=\"twitter:card\" content=\"summary_large_image\" \/>\n<script type=\"application\/ld+json\" class=\"yoast-schema-graph\">{\"@context\":\"https:\/\/schema.org\",\"@graph\":[{\"@type\":\"WebSite\",\"@id\":\"https:\/\/hitechsol.it\/#website\",\"url\":\"https:\/\/hitechsol.it\/\",\"name\":\"Hi-Tech Solutions\",\"description\":\"Progettazione e produzione di sistemi elettronici per mezzi di meccanica pesante\",\"potentialAction\":[{\"@type\":\"SearchAction\",\"target\":{\"@type\":\"EntryPoint\",\"urlTemplate\":\"https:\/\/hitechsol.it\/?s={search_term_string}\"},\"query-input\":\"required name=search_term_string\"}],\"inLanguage\":\"es\"},{\"@type\":\"WebPage\",\"@id\":\"https:\/\/hitechsol.it\/es\/quienes-somos\/#webpage\",\"url\":\"https:\/\/hitechsol.it\/es\/quienes-somos\/\",\"name\":\"Quienes somos - Hi-Tech Solutions\",\"isPartOf\":{\"@id\":\"https:\/\/hitechsol.it\/#website\"},\"datePublished\":\"2021-12-22T09:47:56+00:00\",\"dateModified\":\"2022-04-29T13:09:15+00:00\",\"description\":\"Hi-Tech Solutions est\u00e1 altamente especializada en el dise\u00f1o y fabricaci\u00f3n de los sistemas electr\u00f3nicos computarizados m\u00e1s avanzados para ...\",\"breadcrumb\":{\"@id\":\"https:\/\/hitechsol.it\/es\/quienes-somos\/#breadcrumb\"},\"inLanguage\":\"es\",\"potentialAction\":[{\"@type\":\"ReadAction\",\"target\":[\"https:\/\/hitechsol.it\/es\/quienes-somos\/\"]}]},{\"@type\":\"BreadcrumbList\",\"@id\":\"https:\/\/hitechsol.it\/es\/quienes-somos\/#breadcrumb\",\"itemListElement\":[{\"@type\":\"ListItem\",\"position\":1,\"name\":\"Home\",\"item\":\"https:\/\/hitechsol.it\/es\/\"},{\"@type\":\"ListItem\",\"position\":2,\"name\":\"Quienes somos\"}]}]}<\/script>\n<!-- \/ Yoast SEO plugin. -->","yoast_head_json":{"title":"Quienes somos - Hi-Tech Solutions","description":"Hi-Tech Solutions est\u00e1 altamente especializada en el dise\u00f1o y fabricaci\u00f3n de los sistemas electr\u00f3nicos computarizados m\u00e1s avanzados para ...","robots":{"index":"index","follow":"follow","max-snippet":"max-snippet:-1","max-image-preview":"max-image-preview:large","max-video-preview":"max-video-preview:-1"},"canonical":"https:\/\/hitechsol.it\/es\/quienes-somos\/","og_locale":"es_ES","og_type":"article","og_title":"Quienes somos - Hi-Tech Solutions","og_description":"Hi-Tech Solutions est\u00e1 altamente especializada en el dise\u00f1o y fabricaci\u00f3n de los sistemas electr\u00f3nicos computarizados m\u00e1s avanzados para ...","og_url":"https:\/\/hitechsol.it\/es\/quienes-somos\/","og_site_name":"Hi-Tech Solutions","article_modified_time":"2022-04-29T13:09:15+00:00","twitter_card":"summary_large_image","schema":{"@context":"https:\/\/schema.org","@graph":[{"@type":"WebSite","@id":"https:\/\/hitechsol.it\/#website","url":"https:\/\/hitechsol.it\/","name":"Hi-Tech Solutions","description":"Progettazione e produzione di sistemi elettronici per mezzi di meccanica pesante","potentialAction":[{"@type":"SearchAction","target":{"@type":"EntryPoint","urlTemplate":"https:\/\/hitechsol.it\/?s={search_term_string}"},"query-input":"required name=search_term_string"}],"inLanguage":"es"},{"@type":"WebPage","@id":"https:\/\/hitechsol.it\/es\/quienes-somos\/#webpage","url":"https:\/\/hitechsol.it\/es\/quienes-somos\/","name":"Quienes somos - Hi-Tech Solutions","isPartOf":{"@id":"https:\/\/hitechsol.it\/#website"},"datePublished":"2021-12-22T09:47:56+00:00","dateModified":"2022-04-29T13:09:15+00:00","description":"Hi-Tech Solutions est\u00e1 altamente especializada en el dise\u00f1o y fabricaci\u00f3n de los sistemas electr\u00f3nicos computarizados m\u00e1s avanzados para ...","breadcrumb":{"@id":"https:\/\/hitechsol.it\/es\/quienes-somos\/#breadcrumb"},"inLanguage":"es","potentialAction":[{"@type":"ReadAction","target":["https:\/\/hitechsol.it\/es\/quienes-somos\/"]}]},{"@type":"BreadcrumbList","@id":"https:\/\/hitechsol.it\/es\/quienes-somos\/#breadcrumb","itemListElement":[{"@type":"ListItem","position":1,"name":"Home","item":"https:\/\/hitechsol.it\/es\/"},{"@type":"ListItem","position":2,"name":"Quienes somos"}]}]}},"_links":{"self":[{"href":"https:\/\/hitechsol.it\/es\/wp-json\/wp\/v2\/pages\/5021","targetHints":{"allow":["GET"]}}],"collection":[{"href":"https:\/\/hitechsol.it\/es\/wp-json\/wp\/v2\/pages"}],"about":[{"href":"https:\/\/hitechsol.it\/es\/wp-json\/wp\/v2\/types\/page"}],"author":[{"embeddable":true,"href":"https:\/\/hitechsol.it\/es\/wp-json\/wp\/v2\/users\/1"}],"replies":[{"embeddable":true,"href":"https:\/\/hitechsol.it\/es\/wp-json\/wp\/v2\/comments?post=5021"}],"version-history":[{"count":4,"href":"https:\/\/hitechsol.it\/es\/wp-json\/wp\/v2\/pages\/5021\/revisions"}],"predecessor-version":[{"id":7512,"href":"https:\/\/hitechsol.it\/es\/wp-json\/wp\/v2\/pages\/5021\/revisions\/7512"}],"wp:attachment":[{"href":"https:\/\/hitechsol.it\/es\/wp-json\/wp\/v2\/media?parent=5021"}],"curies":[{"name":"wp","href":"https:\/\/api.w.org\/{rel}","templated":true}]}}