{"id":5019,"date":"2021-12-22T10:47:56","date_gmt":"2021-12-22T09:47:56","guid":{"rendered":"https:\/\/hitechsol.it\/contribuciones-publicas-a-las-empresas-obligacion-de-transparencia-2020\/"},"modified":"2021-12-22T11:26:36","modified_gmt":"2021-12-22T10:26:36","slug":"contribuciones-publicas-a-las-empresas-obligacion-de-transparencia-2020","status":"publish","type":"page","link":"https:\/\/hitechsol.it\/es\/contribuciones-publicas-a-las-empresas-obligacion-de-transparencia-2020\/","title":{"rendered":"Contribuciones p\u00fablicas a las empresas obligaci\u00f3n de transparencia 2020"},"content":{"rendered":"\n<h1 class=\"has-text-align-center wp-block-heading\"><strong>A\u00f1o 2020<\/strong><\/h1>\n\n<figure class=\"wp-block-table\"><table><tbody><tr><td class=\"has-text-align-center\" data-align=\"center\"><strong>Nombre y c\u00f3digo fiscal del destinatario<\/strong><\/td><td class=\"has-text-align-center\" data-align=\"center\"><strong>Nombre y c\u00f3digo fiscal del prestamista<\/strong><\/td><td class=\"has-text-align-center\" data-align=\"center\"><strong>Cantidad recaudada (por cada relaci\u00f3n jur\u00eddica subyacente)<\/strong><\/td><td class=\"has-text-align-center\" data-align=\"center\"><strong>Fecha de concesi\u00f3n<\/strong><\/td><td class=\"has-text-align-center\" data-align=\"center\"><strong>Contribuci\u00f3n causal<\/strong><\/td><\/tr><tr><td class=\"has-text-align-center\" data-align=\"center\">HI-TECH SOLUTIONS SRL 02281610549<\/td><td class=\"has-text-align-center\" data-align=\"center\">Agencia Regional de Pol\u00edticas Laborales Activas &#8211; Arpal Umbria<\/td><td class=\"has-text-align-center\" data-align=\"center\">\u20ac 3.000,00<\/td><td class=\"has-text-align-center\" data-align=\"center\">9\/7\/2020<\/td><td class=\"has-text-align-center\" data-align=\"center\">Incentivo a la contrataci\u00f3n y formaci\u00f3n continua<\/td><\/tr><tr><td class=\"has-text-align-center\" data-align=\"center\">HI-TECH SOLUTIONS SRL 02281610550<\/td><td class=\"has-text-align-center\" data-align=\"center\">Fondo de formaci\u00f3n artesanal<\/td><td class=\"has-text-align-center\" data-align=\"center\">3.900,00 \u20ac<\/td><td class=\"has-text-align-center\" data-align=\"center\">13\/7\/2020<\/td><td class=\"has-text-align-center\" data-align=\"center\">Formaci\u00f3n continua &#8211; PROYECTOS OPERATIVOS (PS) &#8211; 49743<\/td><\/tr><tr><td class=\"has-text-align-center\" data-align=\"center\">HI-TECH SOLUTIONS SRL 02281610551<\/td><td class=\"has-text-align-center\" data-align=\"center\">Regi\u00f3n de Umbr\u00eda &#8211; Consejo Regional<\/td><td class=\"has-text-align-center\" data-align=\"center\">\u20ac 1.155,20<\/td><td class=\"has-text-align-center\" data-align=\"center\">25\/8\/2020<\/td><td class=\"has-text-align-center\" data-align=\"center\">R\u00e9gimen de ayudas en apoyo de proyectos complejos de investigaci\u00f3n y desarrollo de conformidad con el art. 25 RGEC<\/td><\/tr><tr><td class=\"has-text-align-center\" data-align=\"center\">HI-TECH SOLUTIONS SRL 02281610552<\/td><td class=\"has-text-align-center\" data-align=\"center\">Banca del Mezzogiorno MedioCredito Centrale SpA<\/td><td class=\"has-text-align-center\" data-align=\"center\">14.166,42 \u20ac<\/td><td class=\"has-text-align-center\" data-align=\"center\">20\/11\/2020<\/td><td class=\"has-text-align-center\" data-align=\"center\">Fondo de Garant\u00eda Ley 662\/96 &#8211; Garant\u00eda directa<\/td><\/tr><tr><td class=\"has-text-align-center\" data-align=\"center\">HI-TECH SOLUTIONS SRL 02281610553<\/td><td class=\"has-text-align-center\" data-align=\"center\">Banca del Mezzogiorno MedioCredito Centrale SpA<\/td><td class=\"has-text-align-center\" data-align=\"center\">4.455,85 \u20ac<\/td><td class=\"has-text-align-center\" data-align=\"center\">30\/11\/2020<\/td><td class=\"has-text-align-center\" data-align=\"center\">COVID-19: Fondo de Garant\u00eda PYME Ayudas Estatales SA. 56966 (2020 \/ N)<\/td><\/tr><\/tbody><\/table><\/figure>\n<div style=\"height:50px\" aria-hidden=\"true\" class=\"wp-block-spacer\"><\/div>\n","protected":false},"excerpt":{"rendered":"<p>A\u00f1o 2020 Nombre y c\u00f3digo fiscal del destinatario Nombre y c\u00f3digo fiscal del prestamista Cantidad recaudada (por cada relaci\u00f3n jur\u00eddica subyacente) Fecha de concesi\u00f3n Contribuci\u00f3n causal<span class=\"excerpt-hellip\"> [\u2026]<\/span><\/p>\n","protected":false},"author":2,"featured_media":0,"parent":0,"menu_order":0,"comment_status":"closed","ping_status":"closed","template":"","meta":{"footnotes":""},"class_list":["post-5019","page","type-page","status-publish","hentry"],"yoast_head":"<!-- This site is optimized with the Yoast SEO plugin v18.3 - https:\/\/yoast.com\/wordpress\/plugins\/seo\/ -->\n<title>Contribuciones p\u00fablicas a las empresas obligaci\u00f3n de transparencia 2020 - Hi-Tech Solutions<\/title>\n<meta name=\"robots\" content=\"index, follow, max-snippet:-1, max-image-preview:large, max-video-preview:-1\" \/>\n<link rel=\"canonical\" href=\"https:\/\/hitechsol.it\/es\/contribuciones-publicas-a-las-empresas-obligacion-de-transparencia-2020\/\" \/>\n<meta property=\"og:locale\" content=\"es_ES\" \/>\n<meta property=\"og:type\" content=\"article\" \/>\n<meta property=\"og:title\" content=\"Contribuciones p\u00fablicas a las empresas obligaci\u00f3n de transparencia 2020 - Hi-Tech Solutions\" \/>\n<meta property=\"og:description\" content=\"A\u00f1o 2020 Nombre y c\u00f3digo fiscal del destinatario Nombre y c\u00f3digo fiscal del prestamista Cantidad recaudada (por cada relaci\u00f3n jur\u00eddica subyacente) Fecha de concesi\u00f3n Contribuci\u00f3n causal [\u2026]\" \/>\n<meta property=\"og:url\" content=\"https:\/\/hitechsol.it\/es\/contribuciones-publicas-a-las-empresas-obligacion-de-transparencia-2020\/\" \/>\n<meta property=\"og:site_name\" content=\"Hi-Tech Solutions\" \/>\n<meta property=\"article:modified_time\" content=\"2021-12-22T10:26:36+00:00\" \/>\n<meta name=\"twitter:card\" content=\"summary_large_image\" \/>\n<meta name=\"twitter:label1\" content=\"Tiempo de lectura\" \/>\n\t<meta name=\"twitter:data1\" content=\"1 minuto\" \/>\n<script type=\"application\/ld+json\" class=\"yoast-schema-graph\">{\"@context\":\"https:\/\/schema.org\",\"@graph\":[{\"@type\":\"WebSite\",\"@id\":\"https:\/\/hitechsol.it\/#website\",\"url\":\"https:\/\/hitechsol.it\/\",\"name\":\"Hi-Tech Solutions\",\"description\":\"Progettazione e produzione di sistemi elettronici per mezzi di meccanica pesante\",\"potentialAction\":[{\"@type\":\"SearchAction\",\"target\":{\"@type\":\"EntryPoint\",\"urlTemplate\":\"https:\/\/hitechsol.it\/?s={search_term_string}\"},\"query-input\":\"required name=search_term_string\"}],\"inLanguage\":\"es\"},{\"@type\":\"WebPage\",\"@id\":\"https:\/\/hitechsol.it\/es\/contribuciones-publicas-a-las-empresas-obligacion-de-transparencia-2020\/#webpage\",\"url\":\"https:\/\/hitechsol.it\/es\/contribuciones-publicas-a-las-empresas-obligacion-de-transparencia-2020\/\",\"name\":\"Contribuciones p\u00fablicas a las empresas obligaci\u00f3n de transparencia 2020 - Hi-Tech Solutions\",\"isPartOf\":{\"@id\":\"https:\/\/hitechsol.it\/#website\"},\"datePublished\":\"2021-12-22T09:47:56+00:00\",\"dateModified\":\"2021-12-22T10:26:36+00:00\",\"breadcrumb\":{\"@id\":\"https:\/\/hitechsol.it\/es\/contribuciones-publicas-a-las-empresas-obligacion-de-transparencia-2020\/#breadcrumb\"},\"inLanguage\":\"es\",\"potentialAction\":[{\"@type\":\"ReadAction\",\"target\":[\"https:\/\/hitechsol.it\/es\/contribuciones-publicas-a-las-empresas-obligacion-de-transparencia-2020\/\"]}]},{\"@type\":\"BreadcrumbList\",\"@id\":\"https:\/\/hitechsol.it\/es\/contribuciones-publicas-a-las-empresas-obligacion-de-transparencia-2020\/#breadcrumb\",\"itemListElement\":[{\"@type\":\"ListItem\",\"position\":1,\"name\":\"Home\",\"item\":\"https:\/\/hitechsol.it\/es\/\"},{\"@type\":\"ListItem\",\"position\":2,\"name\":\"Contribuciones p\u00fablicas a las empresas obligaci\u00f3n de transparencia 2020\"}]}]}<\/script>\n<!-- \/ Yoast SEO plugin. -->","yoast_head_json":{"title":"Contribuciones p\u00fablicas a las empresas obligaci\u00f3n de transparencia 2020 - Hi-Tech Solutions","robots":{"index":"index","follow":"follow","max-snippet":"max-snippet:-1","max-image-preview":"max-image-preview:large","max-video-preview":"max-video-preview:-1"},"canonical":"https:\/\/hitechsol.it\/es\/contribuciones-publicas-a-las-empresas-obligacion-de-transparencia-2020\/","og_locale":"es_ES","og_type":"article","og_title":"Contribuciones p\u00fablicas a las empresas obligaci\u00f3n de transparencia 2020 - Hi-Tech Solutions","og_description":"A\u00f1o 2020 Nombre y c\u00f3digo fiscal del destinatario Nombre y c\u00f3digo fiscal del prestamista Cantidad recaudada (por cada relaci\u00f3n jur\u00eddica subyacente) Fecha de concesi\u00f3n Contribuci\u00f3n causal [\u2026]","og_url":"https:\/\/hitechsol.it\/es\/contribuciones-publicas-a-las-empresas-obligacion-de-transparencia-2020\/","og_site_name":"Hi-Tech Solutions","article_modified_time":"2021-12-22T10:26:36+00:00","twitter_card":"summary_large_image","twitter_misc":{"Tiempo de lectura":"1 minuto"},"schema":{"@context":"https:\/\/schema.org","@graph":[{"@type":"WebSite","@id":"https:\/\/hitechsol.it\/#website","url":"https:\/\/hitechsol.it\/","name":"Hi-Tech Solutions","description":"Progettazione e produzione di sistemi elettronici per mezzi di meccanica pesante","potentialAction":[{"@type":"SearchAction","target":{"@type":"EntryPoint","urlTemplate":"https:\/\/hitechsol.it\/?s={search_term_string}"},"query-input":"required name=search_term_string"}],"inLanguage":"es"},{"@type":"WebPage","@id":"https:\/\/hitechsol.it\/es\/contribuciones-publicas-a-las-empresas-obligacion-de-transparencia-2020\/#webpage","url":"https:\/\/hitechsol.it\/es\/contribuciones-publicas-a-las-empresas-obligacion-de-transparencia-2020\/","name":"Contribuciones p\u00fablicas a las empresas obligaci\u00f3n de transparencia 2020 - Hi-Tech Solutions","isPartOf":{"@id":"https:\/\/hitechsol.it\/#website"},"datePublished":"2021-12-22T09:47:56+00:00","dateModified":"2021-12-22T10:26:36+00:00","breadcrumb":{"@id":"https:\/\/hitechsol.it\/es\/contribuciones-publicas-a-las-empresas-obligacion-de-transparencia-2020\/#breadcrumb"},"inLanguage":"es","potentialAction":[{"@type":"ReadAction","target":["https:\/\/hitechsol.it\/es\/contribuciones-publicas-a-las-empresas-obligacion-de-transparencia-2020\/"]}]},{"@type":"BreadcrumbList","@id":"https:\/\/hitechsol.it\/es\/contribuciones-publicas-a-las-empresas-obligacion-de-transparencia-2020\/#breadcrumb","itemListElement":[{"@type":"ListItem","position":1,"name":"Home","item":"https:\/\/hitechsol.it\/es\/"},{"@type":"ListItem","position":2,"name":"Contribuciones p\u00fablicas a las empresas obligaci\u00f3n de transparencia 2020"}]}]}},"_links":{"self":[{"href":"https:\/\/hitechsol.it\/es\/wp-json\/wp\/v2\/pages\/5019","targetHints":{"allow":["GET"]}}],"collection":[{"href":"https:\/\/hitechsol.it\/es\/wp-json\/wp\/v2\/pages"}],"about":[{"href":"https:\/\/hitechsol.it\/es\/wp-json\/wp\/v2\/types\/page"}],"author":[{"embeddable":true,"href":"https:\/\/hitechsol.it\/es\/wp-json\/wp\/v2\/users\/2"}],"replies":[{"embeddable":true,"href":"https:\/\/hitechsol.it\/es\/wp-json\/wp\/v2\/comments?post=5019"}],"version-history":[{"count":7,"href":"https:\/\/hitechsol.it\/es\/wp-json\/wp\/v2\/pages\/5019\/revisions"}],"predecessor-version":[{"id":5080,"href":"https:\/\/hitechsol.it\/es\/wp-json\/wp\/v2\/pages\/5019\/revisions\/5080"}],"wp:attachment":[{"href":"https:\/\/hitechsol.it\/es\/wp-json\/wp\/v2\/media?parent=5019"}],"curies":[{"name":"wp","href":"https:\/\/api.w.org\/{rel}","templated":true}]}}