{"id":5752,"date":"2021-12-22T22:15:58","date_gmt":"2021-12-22T21:15:58","guid":{"rendered":"https:\/\/hitechsol.it\/schnecken\/"},"modified":"2021-12-23T20:49:33","modified_gmt":"2021-12-23T19:49:33","slug":"schnecken","status":"publish","type":"page","link":"https:\/\/hitechsol.it\/de\/ueberwachung-und-kontrolle\/schnecken\/","title":{"rendered":"Schnecken"},"content":{"rendered":"","protected":false},"excerpt":{"rendered":"","protected":false},"author":1,"featured_media":0,"parent":5711,"menu_order":0,"comment_status":"closed","ping_status":"closed","template":"","meta":{"footnotes":""},"class_list":["post-5752","page","type-page","status-publish","hentry"],"yoast_head":"<!-- This site is optimized with the Yoast SEO plugin v18.3 - https:\/\/yoast.com\/wordpress\/plugins\/seo\/ -->\n<title>Schnecken - Hi-Tech Solutions<\/title>\n<meta name=\"description\" content=\"Mit den Steuerungssystemen f\u00fcr Bohrger\u00e4te k\u00f6nnen Sie die Aushubtiefe berechnen, die Neigung \u00fcberwachen und sich selbst vertikal ...\" \/>\n<meta name=\"robots\" content=\"index, follow, max-snippet:-1, max-image-preview:large, max-video-preview:-1\" \/>\n<link rel=\"canonical\" href=\"https:\/\/hitechsol.it\/de\/ueberwachung-und-kontrolle\/schnecken\/\" \/>\n<meta property=\"og:locale\" content=\"de_DE\" \/>\n<meta property=\"og:type\" content=\"article\" \/>\n<meta property=\"og:title\" content=\"Schnecken - Hi-Tech Solutions\" \/>\n<meta property=\"og:description\" content=\"Mit den Steuerungssystemen f\u00fcr Bohrger\u00e4te k\u00f6nnen Sie die Aushubtiefe berechnen, die Neigung \u00fcberwachen und sich selbst vertikal ...\" \/>\n<meta property=\"og:url\" content=\"https:\/\/hitechsol.it\/de\/ueberwachung-und-kontrolle\/schnecken\/\" \/>\n<meta property=\"og:site_name\" content=\"Hi-Tech Solutions\" \/>\n<meta property=\"article:modified_time\" content=\"2021-12-23T19:49:33+00:00\" \/>\n<meta name=\"twitter:card\" content=\"summary_large_image\" \/>\n<script type=\"application\/ld+json\" class=\"yoast-schema-graph\">{\"@context\":\"https:\/\/schema.org\",\"@graph\":[{\"@type\":\"WebSite\",\"@id\":\"https:\/\/hitechsol.it\/#website\",\"url\":\"https:\/\/hitechsol.it\/\",\"name\":\"Hi-Tech Solutions\",\"description\":\"Progettazione e produzione di sistemi elettronici per mezzi di meccanica pesante\",\"potentialAction\":[{\"@type\":\"SearchAction\",\"target\":{\"@type\":\"EntryPoint\",\"urlTemplate\":\"https:\/\/hitechsol.it\/?s={search_term_string}\"},\"query-input\":\"required name=search_term_string\"}],\"inLanguage\":\"de\"},{\"@type\":\"WebPage\",\"@id\":\"https:\/\/hitechsol.it\/de\/ueberwachung-und-kontrolle\/schnecken\/#webpage\",\"url\":\"https:\/\/hitechsol.it\/de\/ueberwachung-und-kontrolle\/schnecken\/\",\"name\":\"Schnecken - Hi-Tech Solutions\",\"isPartOf\":{\"@id\":\"https:\/\/hitechsol.it\/#website\"},\"datePublished\":\"2021-12-22T21:15:58+00:00\",\"dateModified\":\"2021-12-23T19:49:33+00:00\",\"description\":\"Mit den Steuerungssystemen f\u00fcr Bohrger\u00e4te k\u00f6nnen Sie die Aushubtiefe berechnen, die Neigung \u00fcberwachen und sich selbst vertikal ...\",\"breadcrumb\":{\"@id\":\"https:\/\/hitechsol.it\/de\/ueberwachung-und-kontrolle\/schnecken\/#breadcrumb\"},\"inLanguage\":\"de\",\"potentialAction\":[{\"@type\":\"ReadAction\",\"target\":[\"https:\/\/hitechsol.it\/de\/ueberwachung-und-kontrolle\/schnecken\/\"]}]},{\"@type\":\"BreadcrumbList\",\"@id\":\"https:\/\/hitechsol.it\/de\/ueberwachung-und-kontrolle\/schnecken\/#breadcrumb\",\"itemListElement\":[{\"@type\":\"ListItem\",\"position\":1,\"name\":\"Home\",\"item\":\"https:\/\/hitechsol.it\/de\/\"},{\"@type\":\"ListItem\",\"position\":2,\"name\":\"\u00dcberwachung und Kontrolle\",\"item\":\"https:\/\/hitechsol.it\/de\/?page_id=5711\"},{\"@type\":\"ListItem\",\"position\":3,\"name\":\"Schnecken\"}]}]}<\/script>\n<!-- \/ Yoast SEO plugin. -->","yoast_head_json":{"title":"Schnecken - Hi-Tech Solutions","description":"Mit den Steuerungssystemen f\u00fcr Bohrger\u00e4te k\u00f6nnen Sie die Aushubtiefe berechnen, die Neigung \u00fcberwachen und sich selbst vertikal ...","robots":{"index":"index","follow":"follow","max-snippet":"max-snippet:-1","max-image-preview":"max-image-preview:large","max-video-preview":"max-video-preview:-1"},"canonical":"https:\/\/hitechsol.it\/de\/ueberwachung-und-kontrolle\/schnecken\/","og_locale":"de_DE","og_type":"article","og_title":"Schnecken - Hi-Tech Solutions","og_description":"Mit den Steuerungssystemen f\u00fcr Bohrger\u00e4te k\u00f6nnen Sie die Aushubtiefe berechnen, die Neigung \u00fcberwachen und sich selbst vertikal ...","og_url":"https:\/\/hitechsol.it\/de\/ueberwachung-und-kontrolle\/schnecken\/","og_site_name":"Hi-Tech Solutions","article_modified_time":"2021-12-23T19:49:33+00:00","twitter_card":"summary_large_image","schema":{"@context":"https:\/\/schema.org","@graph":[{"@type":"WebSite","@id":"https:\/\/hitechsol.it\/#website","url":"https:\/\/hitechsol.it\/","name":"Hi-Tech Solutions","description":"Progettazione e produzione di sistemi elettronici per mezzi di meccanica pesante","potentialAction":[{"@type":"SearchAction","target":{"@type":"EntryPoint","urlTemplate":"https:\/\/hitechsol.it\/?s={search_term_string}"},"query-input":"required name=search_term_string"}],"inLanguage":"de"},{"@type":"WebPage","@id":"https:\/\/hitechsol.it\/de\/ueberwachung-und-kontrolle\/schnecken\/#webpage","url":"https:\/\/hitechsol.it\/de\/ueberwachung-und-kontrolle\/schnecken\/","name":"Schnecken - Hi-Tech Solutions","isPartOf":{"@id":"https:\/\/hitechsol.it\/#website"},"datePublished":"2021-12-22T21:15:58+00:00","dateModified":"2021-12-23T19:49:33+00:00","description":"Mit den Steuerungssystemen f\u00fcr Bohrger\u00e4te k\u00f6nnen Sie die Aushubtiefe berechnen, die Neigung \u00fcberwachen und sich selbst vertikal ...","breadcrumb":{"@id":"https:\/\/hitechsol.it\/de\/ueberwachung-und-kontrolle\/schnecken\/#breadcrumb"},"inLanguage":"de","potentialAction":[{"@type":"ReadAction","target":["https:\/\/hitechsol.it\/de\/ueberwachung-und-kontrolle\/schnecken\/"]}]},{"@type":"BreadcrumbList","@id":"https:\/\/hitechsol.it\/de\/ueberwachung-und-kontrolle\/schnecken\/#breadcrumb","itemListElement":[{"@type":"ListItem","position":1,"name":"Home","item":"https:\/\/hitechsol.it\/de\/"},{"@type":"ListItem","position":2,"name":"\u00dcberwachung und Kontrolle","item":"https:\/\/hitechsol.it\/de\/?page_id=5711"},{"@type":"ListItem","position":3,"name":"Schnecken"}]}]}},"_links":{"self":[{"href":"https:\/\/hitechsol.it\/de\/wp-json\/wp\/v2\/pages\/5752","targetHints":{"allow":["GET"]}}],"collection":[{"href":"https:\/\/hitechsol.it\/de\/wp-json\/wp\/v2\/pages"}],"about":[{"href":"https:\/\/hitechsol.it\/de\/wp-json\/wp\/v2\/types\/page"}],"author":[{"embeddable":true,"href":"https:\/\/hitechsol.it\/de\/wp-json\/wp\/v2\/users\/1"}],"replies":[{"embeddable":true,"href":"https:\/\/hitechsol.it\/de\/wp-json\/wp\/v2\/comments?post=5752"}],"version-history":[{"count":1,"href":"https:\/\/hitechsol.it\/de\/wp-json\/wp\/v2\/pages\/5752\/revisions"}],"predecessor-version":[{"id":5910,"href":"https:\/\/hitechsol.it\/de\/wp-json\/wp\/v2\/pages\/5752\/revisions\/5910"}],"up":[{"embeddable":true,"href":"https:\/\/hitechsol.it\/de\/wp-json\/wp\/v2\/pages\/5711"}],"wp:attachment":[{"href":"https:\/\/hitechsol.it\/de\/wp-json\/wp\/v2\/media?parent=5752"}],"curies":[{"name":"wp","href":"https:\/\/api.w.org\/{rel}","templated":true}]}}