{"id":5722,"date":"2021-12-22T22:09:49","date_gmt":"2021-12-22T21:09:49","guid":{"rendered":"https:\/\/hitechsol.it\/radlader\/"},"modified":"2021-12-23T20:56:47","modified_gmt":"2021-12-23T19:56:47","slug":"radlader","status":"publish","type":"page","link":"https:\/\/hitechsol.it\/de\/waegeueberwachung\/radlader\/","title":{"rendered":"Radlader"},"content":{"rendered":"","protected":false},"excerpt":{"rendered":"","protected":false},"author":1,"featured_media":0,"parent":5720,"menu_order":0,"comment_status":"closed","ping_status":"closed","template":"","meta":{"footnotes":""},"class_list":["post-5722","page","type-page","status-publish","hentry"],"yoast_head":"<!-- This site is optimized with the Yoast SEO plugin v18.3 - https:\/\/yoast.com\/wordpress\/plugins\/seo\/ -->\n<title>Radlader - Hi-Tech Solutions<\/title>\n<meta name=\"description\" content=\"Das On-Board-System erm\u00f6glicht pr\u00e4zises und dynamisches Wiegen f\u00fcr Produktions\u00fcberwachung, Handling und Verkauf.\" \/>\n<meta name=\"robots\" content=\"index, follow, max-snippet:-1, max-image-preview:large, max-video-preview:-1\" \/>\n<link rel=\"canonical\" href=\"https:\/\/hitechsol.it\/de\/waegeueberwachung\/radlader\/\" \/>\n<meta property=\"og:locale\" content=\"de_DE\" \/>\n<meta property=\"og:type\" content=\"article\" \/>\n<meta property=\"og:title\" content=\"Radlader - Hi-Tech Solutions\" \/>\n<meta property=\"og:description\" content=\"Das On-Board-System erm\u00f6glicht pr\u00e4zises und dynamisches Wiegen f\u00fcr Produktions\u00fcberwachung, Handling und Verkauf.\" \/>\n<meta property=\"og:url\" content=\"https:\/\/hitechsol.it\/de\/waegeueberwachung\/radlader\/\" \/>\n<meta property=\"og:site_name\" content=\"Hi-Tech Solutions\" \/>\n<meta property=\"article:modified_time\" content=\"2021-12-23T19:56:47+00:00\" \/>\n<meta name=\"twitter:card\" content=\"summary_large_image\" \/>\n<script type=\"application\/ld+json\" class=\"yoast-schema-graph\">{\"@context\":\"https:\/\/schema.org\",\"@graph\":[{\"@type\":\"WebSite\",\"@id\":\"https:\/\/hitechsol.it\/#website\",\"url\":\"https:\/\/hitechsol.it\/\",\"name\":\"Hi-Tech Solutions\",\"description\":\"Progettazione e produzione di sistemi elettronici per mezzi di meccanica pesante\",\"potentialAction\":[{\"@type\":\"SearchAction\",\"target\":{\"@type\":\"EntryPoint\",\"urlTemplate\":\"https:\/\/hitechsol.it\/?s={search_term_string}\"},\"query-input\":\"required name=search_term_string\"}],\"inLanguage\":\"de\"},{\"@type\":\"WebPage\",\"@id\":\"https:\/\/hitechsol.it\/de\/waegeueberwachung\/radlader\/#webpage\",\"url\":\"https:\/\/hitechsol.it\/de\/waegeueberwachung\/radlader\/\",\"name\":\"Radlader - Hi-Tech Solutions\",\"isPartOf\":{\"@id\":\"https:\/\/hitechsol.it\/#website\"},\"datePublished\":\"2021-12-22T21:09:49+00:00\",\"dateModified\":\"2021-12-23T19:56:47+00:00\",\"description\":\"Das On-Board-System erm\u00f6glicht pr\u00e4zises und dynamisches Wiegen f\u00fcr Produktions\u00fcberwachung, Handling und Verkauf.\",\"breadcrumb\":{\"@id\":\"https:\/\/hitechsol.it\/de\/waegeueberwachung\/radlader\/#breadcrumb\"},\"inLanguage\":\"de\",\"potentialAction\":[{\"@type\":\"ReadAction\",\"target\":[\"https:\/\/hitechsol.it\/de\/waegeueberwachung\/radlader\/\"]}]},{\"@type\":\"BreadcrumbList\",\"@id\":\"https:\/\/hitechsol.it\/de\/waegeueberwachung\/radlader\/#breadcrumb\",\"itemListElement\":[{\"@type\":\"ListItem\",\"position\":1,\"name\":\"Home\",\"item\":\"https:\/\/hitechsol.it\/de\/\"},{\"@type\":\"ListItem\",\"position\":2,\"name\":\"W\u00e4ge\u00fcberwachung\",\"item\":\"https:\/\/hitechsol.it\/de\/?page_id=5720\"},{\"@type\":\"ListItem\",\"position\":3,\"name\":\"Radlader\"}]}]}<\/script>\n<!-- \/ Yoast SEO plugin. -->","yoast_head_json":{"title":"Radlader - Hi-Tech Solutions","description":"Das On-Board-System erm\u00f6glicht pr\u00e4zises und dynamisches Wiegen f\u00fcr Produktions\u00fcberwachung, Handling und Verkauf.","robots":{"index":"index","follow":"follow","max-snippet":"max-snippet:-1","max-image-preview":"max-image-preview:large","max-video-preview":"max-video-preview:-1"},"canonical":"https:\/\/hitechsol.it\/de\/waegeueberwachung\/radlader\/","og_locale":"de_DE","og_type":"article","og_title":"Radlader - Hi-Tech Solutions","og_description":"Das On-Board-System erm\u00f6glicht pr\u00e4zises und dynamisches Wiegen f\u00fcr Produktions\u00fcberwachung, Handling und Verkauf.","og_url":"https:\/\/hitechsol.it\/de\/waegeueberwachung\/radlader\/","og_site_name":"Hi-Tech Solutions","article_modified_time":"2021-12-23T19:56:47+00:00","twitter_card":"summary_large_image","schema":{"@context":"https:\/\/schema.org","@graph":[{"@type":"WebSite","@id":"https:\/\/hitechsol.it\/#website","url":"https:\/\/hitechsol.it\/","name":"Hi-Tech Solutions","description":"Progettazione e produzione di sistemi elettronici per mezzi di meccanica pesante","potentialAction":[{"@type":"SearchAction","target":{"@type":"EntryPoint","urlTemplate":"https:\/\/hitechsol.it\/?s={search_term_string}"},"query-input":"required name=search_term_string"}],"inLanguage":"de"},{"@type":"WebPage","@id":"https:\/\/hitechsol.it\/de\/waegeueberwachung\/radlader\/#webpage","url":"https:\/\/hitechsol.it\/de\/waegeueberwachung\/radlader\/","name":"Radlader - Hi-Tech Solutions","isPartOf":{"@id":"https:\/\/hitechsol.it\/#website"},"datePublished":"2021-12-22T21:09:49+00:00","dateModified":"2021-12-23T19:56:47+00:00","description":"Das On-Board-System erm\u00f6glicht pr\u00e4zises und dynamisches Wiegen f\u00fcr Produktions\u00fcberwachung, Handling und Verkauf.","breadcrumb":{"@id":"https:\/\/hitechsol.it\/de\/waegeueberwachung\/radlader\/#breadcrumb"},"inLanguage":"de","potentialAction":[{"@type":"ReadAction","target":["https:\/\/hitechsol.it\/de\/waegeueberwachung\/radlader\/"]}]},{"@type":"BreadcrumbList","@id":"https:\/\/hitechsol.it\/de\/waegeueberwachung\/radlader\/#breadcrumb","itemListElement":[{"@type":"ListItem","position":1,"name":"Home","item":"https:\/\/hitechsol.it\/de\/"},{"@type":"ListItem","position":2,"name":"W\u00e4ge\u00fcberwachung","item":"https:\/\/hitechsol.it\/de\/?page_id=5720"},{"@type":"ListItem","position":3,"name":"Radlader"}]}]}},"_links":{"self":[{"href":"https:\/\/hitechsol.it\/de\/wp-json\/wp\/v2\/pages\/5722","targetHints":{"allow":["GET"]}}],"collection":[{"href":"https:\/\/hitechsol.it\/de\/wp-json\/wp\/v2\/pages"}],"about":[{"href":"https:\/\/hitechsol.it\/de\/wp-json\/wp\/v2\/types\/page"}],"author":[{"embeddable":true,"href":"https:\/\/hitechsol.it\/de\/wp-json\/wp\/v2\/users\/1"}],"replies":[{"embeddable":true,"href":"https:\/\/hitechsol.it\/de\/wp-json\/wp\/v2\/comments?post=5722"}],"version-history":[{"count":1,"href":"https:\/\/hitechsol.it\/de\/wp-json\/wp\/v2\/pages\/5722\/revisions"}],"predecessor-version":[{"id":5915,"href":"https:\/\/hitechsol.it\/de\/wp-json\/wp\/v2\/pages\/5722\/revisions\/5915"}],"up":[{"embeddable":true,"href":"https:\/\/hitechsol.it\/de\/wp-json\/wp\/v2\/pages\/5720"}],"wp:attachment":[{"href":"https:\/\/hitechsol.it\/de\/wp-json\/wp\/v2\/media?parent=5722"}],"curies":[{"name":"wp","href":"https:\/\/api.w.org\/{rel}","templated":true}]}}