{"id":5247,"date":"2021-12-22T15:47:08","date_gmt":"2021-12-22T14:47:08","guid":{"rendered":"https:\/\/hitechsol.it\/loesungen-und-mittel\/"},"modified":"2021-12-23T19:55:39","modified_gmt":"2021-12-23T18:55:39","slug":"loesungen-und-mittel","status":"publish","type":"page","link":"https:\/\/hitechsol.it\/de\/loesungen-und-mittel\/","title":{"rendered":"L\u00f6sungen und Mittel"},"content":{"rendered":"","protected":false},"excerpt":{"rendered":"","protected":false},"author":1,"featured_media":0,"parent":0,"menu_order":0,"comment_status":"closed","ping_status":"closed","template":"","meta":{"footnotes":""},"class_list":["post-5247","page","type-page","status-publish","hentry"],"yoast_head":"<!-- This site is optimized with the Yoast SEO plugin v18.3 - https:\/\/yoast.com\/wordpress\/plugins\/seo\/ -->\n<title>L\u00f6sungen und Mittel - Hi-Tech Solutions<\/title>\n<meta name=\"description\" content=\"Die erfolgreiche L\u00f6sung wird aus den Bed\u00fcrfnissen des Kunden geboren. Die besten L\u00f6sungen f\u00fcr schwere Fahrzeuge von Hi-Tech Solutions\" \/>\n<meta name=\"robots\" content=\"index, follow, max-snippet:-1, max-image-preview:large, max-video-preview:-1\" \/>\n<link rel=\"canonical\" href=\"https:\/\/hitechsol.it\/de\/loesungen-und-mittel\/\" \/>\n<meta property=\"og:locale\" content=\"de_DE\" \/>\n<meta property=\"og:type\" content=\"article\" \/>\n<meta property=\"og:title\" content=\"L\u00f6sungen und Mittel - Hi-Tech Solutions\" \/>\n<meta property=\"og:description\" content=\"Die erfolgreiche L\u00f6sung wird aus den Bed\u00fcrfnissen des Kunden geboren. Die besten L\u00f6sungen f\u00fcr schwere Fahrzeuge von Hi-Tech Solutions\" \/>\n<meta property=\"og:url\" content=\"https:\/\/hitechsol.it\/de\/loesungen-und-mittel\/\" \/>\n<meta property=\"og:site_name\" content=\"Hi-Tech Solutions\" \/>\n<meta property=\"article:modified_time\" content=\"2021-12-23T18:55:39+00:00\" \/>\n<meta name=\"twitter:card\" content=\"summary_large_image\" \/>\n<script type=\"application\/ld+json\" class=\"yoast-schema-graph\">{\"@context\":\"https:\/\/schema.org\",\"@graph\":[{\"@type\":\"WebSite\",\"@id\":\"https:\/\/hitechsol.it\/#website\",\"url\":\"https:\/\/hitechsol.it\/\",\"name\":\"Hi-Tech Solutions\",\"description\":\"Progettazione e produzione di sistemi elettronici per mezzi di meccanica pesante\",\"potentialAction\":[{\"@type\":\"SearchAction\",\"target\":{\"@type\":\"EntryPoint\",\"urlTemplate\":\"https:\/\/hitechsol.it\/?s={search_term_string}\"},\"query-input\":\"required name=search_term_string\"}],\"inLanguage\":\"de\"},{\"@type\":\"WebPage\",\"@id\":\"https:\/\/hitechsol.it\/de\/loesungen-und-mittel\/#webpage\",\"url\":\"https:\/\/hitechsol.it\/de\/loesungen-und-mittel\/\",\"name\":\"L\u00f6sungen und Mittel - Hi-Tech Solutions\",\"isPartOf\":{\"@id\":\"https:\/\/hitechsol.it\/#website\"},\"datePublished\":\"2021-12-22T14:47:08+00:00\",\"dateModified\":\"2021-12-23T18:55:39+00:00\",\"description\":\"Die erfolgreiche L\u00f6sung wird aus den Bed\u00fcrfnissen des Kunden geboren. Die besten L\u00f6sungen f\u00fcr schwere Fahrzeuge von Hi-Tech Solutions\",\"breadcrumb\":{\"@id\":\"https:\/\/hitechsol.it\/de\/loesungen-und-mittel\/#breadcrumb\"},\"inLanguage\":\"de\",\"potentialAction\":[{\"@type\":\"ReadAction\",\"target\":[\"https:\/\/hitechsol.it\/de\/loesungen-und-mittel\/\"]}]},{\"@type\":\"BreadcrumbList\",\"@id\":\"https:\/\/hitechsol.it\/de\/loesungen-und-mittel\/#breadcrumb\",\"itemListElement\":[{\"@type\":\"ListItem\",\"position\":1,\"name\":\"Home\",\"item\":\"https:\/\/hitechsol.it\/de\/\"},{\"@type\":\"ListItem\",\"position\":2,\"name\":\"L\u00f6sungen und Mittel\"}]}]}<\/script>\n<!-- \/ Yoast SEO plugin. -->","yoast_head_json":{"title":"L\u00f6sungen und Mittel - Hi-Tech Solutions","description":"Die erfolgreiche L\u00f6sung wird aus den Bed\u00fcrfnissen des Kunden geboren. Die besten L\u00f6sungen f\u00fcr schwere Fahrzeuge von Hi-Tech Solutions","robots":{"index":"index","follow":"follow","max-snippet":"max-snippet:-1","max-image-preview":"max-image-preview:large","max-video-preview":"max-video-preview:-1"},"canonical":"https:\/\/hitechsol.it\/de\/loesungen-und-mittel\/","og_locale":"de_DE","og_type":"article","og_title":"L\u00f6sungen und Mittel - Hi-Tech Solutions","og_description":"Die erfolgreiche L\u00f6sung wird aus den Bed\u00fcrfnissen des Kunden geboren. Die besten L\u00f6sungen f\u00fcr schwere Fahrzeuge von Hi-Tech Solutions","og_url":"https:\/\/hitechsol.it\/de\/loesungen-und-mittel\/","og_site_name":"Hi-Tech Solutions","article_modified_time":"2021-12-23T18:55:39+00:00","twitter_card":"summary_large_image","schema":{"@context":"https:\/\/schema.org","@graph":[{"@type":"WebSite","@id":"https:\/\/hitechsol.it\/#website","url":"https:\/\/hitechsol.it\/","name":"Hi-Tech Solutions","description":"Progettazione e produzione di sistemi elettronici per mezzi di meccanica pesante","potentialAction":[{"@type":"SearchAction","target":{"@type":"EntryPoint","urlTemplate":"https:\/\/hitechsol.it\/?s={search_term_string}"},"query-input":"required name=search_term_string"}],"inLanguage":"de"},{"@type":"WebPage","@id":"https:\/\/hitechsol.it\/de\/loesungen-und-mittel\/#webpage","url":"https:\/\/hitechsol.it\/de\/loesungen-und-mittel\/","name":"L\u00f6sungen und Mittel - Hi-Tech Solutions","isPartOf":{"@id":"https:\/\/hitechsol.it\/#website"},"datePublished":"2021-12-22T14:47:08+00:00","dateModified":"2021-12-23T18:55:39+00:00","description":"Die erfolgreiche L\u00f6sung wird aus den Bed\u00fcrfnissen des Kunden geboren. Die besten L\u00f6sungen f\u00fcr schwere Fahrzeuge von Hi-Tech Solutions","breadcrumb":{"@id":"https:\/\/hitechsol.it\/de\/loesungen-und-mittel\/#breadcrumb"},"inLanguage":"de","potentialAction":[{"@type":"ReadAction","target":["https:\/\/hitechsol.it\/de\/loesungen-und-mittel\/"]}]},{"@type":"BreadcrumbList","@id":"https:\/\/hitechsol.it\/de\/loesungen-und-mittel\/#breadcrumb","itemListElement":[{"@type":"ListItem","position":1,"name":"Home","item":"https:\/\/hitechsol.it\/de\/"},{"@type":"ListItem","position":2,"name":"L\u00f6sungen und Mittel"}]}]}},"_links":{"self":[{"href":"https:\/\/hitechsol.it\/de\/wp-json\/wp\/v2\/pages\/5247","targetHints":{"allow":["GET"]}}],"collection":[{"href":"https:\/\/hitechsol.it\/de\/wp-json\/wp\/v2\/pages"}],"about":[{"href":"https:\/\/hitechsol.it\/de\/wp-json\/wp\/v2\/types\/page"}],"author":[{"embeddable":true,"href":"https:\/\/hitechsol.it\/de\/wp-json\/wp\/v2\/users\/1"}],"replies":[{"embeddable":true,"href":"https:\/\/hitechsol.it\/de\/wp-json\/wp\/v2\/comments?post=5247"}],"version-history":[{"count":1,"href":"https:\/\/hitechsol.it\/de\/wp-json\/wp\/v2\/pages\/5247\/revisions"}],"predecessor-version":[{"id":5891,"href":"https:\/\/hitechsol.it\/de\/wp-json\/wp\/v2\/pages\/5247\/revisions\/5891"}],"wp:attachment":[{"href":"https:\/\/hitechsol.it\/de\/wp-json\/wp\/v2\/media?parent=5247"}],"curies":[{"name":"wp","href":"https:\/\/api.w.org\/{rel}","templated":true}]}}